{"id":11209,"date":"2023-07-20T12:29:38","date_gmt":"2023-07-20T11:29:38","guid":{"rendered":"https:\/\/www.alveus.eu\/uber-uns\/history\/"},"modified":"2024-05-09T12:22:13","modified_gmt":"2024-05-09T11:22:13","slug":"geschichte","status":"publish","type":"page","link":"https:\/\/www.alveus.eu\/de\/uber-uns\/unternehmen\/geschichte","title":{"rendered":"Geschichte"},"content":{"rendered":"\t\t<div data-elementor-type=\"wp-page\" data-elementor-id=\"11209\" class=\"elementor elementor-11209 elementor-6507\" data-elementor-post-type=\"page\">\n\t\t\t\t<div class=\"elementor-element elementor-element-22f7bab e-flex e-con-boxed e-con e-parent\" data-id=\"22f7bab\" data-element_type=\"container\" data-e-type=\"container\">\n\t\t\t\t\t<div class=\"e-con-inner\">\n\t\t\t\t<div class=\"elementor-element elementor-element-9d444e7 elementor-widget elementor-widget-heading\" data-id=\"9d444e7\" data-element_type=\"widget\" data-e-type=\"widget\" data-widget_type=\"heading.default\">\n\t\t\t\t<div class=\"elementor-widget-container\">\n\t\t\t\t\t<h1 class=\"elementor-heading-title elementor-size-default\">Zukunftsweisende Leidenschaft in der Welt des Tees<\/h1>\t\t\t\t<\/div>\n\t\t\t\t<\/div>\n\t\t<div class=\"elementor-element elementor-element-5673089 e-con-full e-flex e-con e-child\" data-id=\"5673089\" data-element_type=\"container\" data-e-type=\"container\">\n\t\t<div class=\"elementor-element elementor-element-121e06d e-con-full e-flex e-con e-child\" data-id=\"121e06d\" data-element_type=\"container\" data-e-type=\"container\" data-settings=\"{&quot;background_background&quot;:&quot;classic&quot;}\">\n\t\t\t\t<div class=\"elementor-element elementor-element-9ccc3a3 elementor-widget__width-initial elementor-widget elementor-widget-text-editor\" data-id=\"9ccc3a3\" data-element_type=\"widget\" data-e-type=\"widget\" data-widget_type=\"text-editor.default\">\n\t\t\t\t<div class=\"elementor-widget-container\">\n\t\t\t\t\t\t\t\t\t<p><strong>Kommen Sie mit uns auf die faszinierende Reise, die uns zu dem gemacht hat, was wir heute sind: eine Referenz in der Welt des Tees.<\/strong><\/p><p><span style=\"font-weight: 400;\">Von unseren bescheidenen Anf\u00e4ngen bis zu der herausragenden Position, die wir heute in der Branche genie\u00dfen, ist unsere Geschichte von einer unersch\u00fctterlichen Leidenschaft f\u00fcr Tee und einem Pioniergeist gepr\u00e4gt, der uns dazu antreibt, die Grenzen der Tradition herauszufordern.<\/span><\/p><p><span style=\"font-weight: 400;\">Es begann mit einer klaren Vision: Wir wollten die Teeproduktion und Vermarktung modernisieren und den Ma\u00dfstab f\u00fcr Spitzenleistungen anheben. Mit beispiellosem Engagement und einem st\u00e4ndigen Streben nach Perfektion haben wir uns der Herausforderung gestellt, nicht nur au\u00dfergew\u00f6hnliche Produkte zu liefern, sondern auch eine einzigartige Erfahrung f\u00fcr unsere Kunden.<\/span><\/p>\t\t\t\t\t\t\t\t<\/div>\n\t\t\t\t<\/div>\n\t\t\t\t<\/div>\n\t\t<div class=\"elementor-element elementor-element-ec2b364 e-con-full e-flex e-con e-child\" data-id=\"ec2b364\" data-element_type=\"container\" data-e-type=\"container\">\n\t\t\t\t<div class=\"elementor-element elementor-element-9506905 img-h-100 elementor-widget elementor-widget-image\" data-id=\"9506905\" data-element_type=\"widget\" data-e-type=\"widget\" data-widget_type=\"image.default\">\n\t\t\t\t<div class=\"elementor-widget-container\">\n\t\t\t\t\t\t\t\t\t\t\t\t\t\t\t<img fetchpriority=\"high\" decoding=\"async\" width=\"553\" height=\"480\" src=\"https:\/\/www.alveus.eu\/wp-content\/uploads\/tea-world.jpg\" class=\"attachment-full size-full wp-image-8785\" alt=\"\" srcset=\"https:\/\/www.alveus.eu\/wp-content\/uploads\/tea-world.jpg 553w, https:\/\/www.alveus.eu\/wp-content\/uploads\/tea-world-300x260.jpg 300w\" sizes=\"(max-width: 553px) 100vw, 553px\" \/>\t\t\t\t\t\t\t\t\t\t\t\t\t\t\t<\/div>\n\t\t\t\t<\/div>\n\t\t\t\t<\/div>\n\t\t\t\t<\/div>\n\t\t<div class=\"elementor-element elementor-element-504ac56 e-con-full e-flex e-con e-child\" data-id=\"504ac56\" data-element_type=\"container\" data-e-type=\"container\">\n\t\t<div class=\"elementor-element elementor-element-bec2591 e-con-full e-flex e-con e-child\" data-id=\"bec2591\" data-element_type=\"container\" data-e-type=\"container\">\n\t\t\t\t<div class=\"elementor-element elementor-element-055217d img-h-100 elementor-widget elementor-widget-image\" data-id=\"055217d\" data-element_type=\"widget\" data-e-type=\"widget\" data-widget_type=\"image.default\">\n\t\t\t\t<div class=\"elementor-widget-container\">\n\t\t\t\t\t\t\t\t\t\t\t\t\t\t\t<img decoding=\"async\" width=\"650\" height=\"618\" src=\"https:\/\/www.alveus.eu\/wp-content\/uploads\/earlyyears-1.jpg\" class=\"attachment-full size-full wp-image-8773\" alt=\"\" srcset=\"https:\/\/www.alveus.eu\/wp-content\/uploads\/earlyyears-1.jpg 650w, https:\/\/www.alveus.eu\/wp-content\/uploads\/earlyyears-1-300x285.jpg 300w\" sizes=\"(max-width: 650px) 100vw, 650px\" \/>\t\t\t\t\t\t\t\t\t\t\t\t\t\t\t<\/div>\n\t\t\t\t<\/div>\n\t\t\t\t<\/div>\n\t\t<div class=\"elementor-element elementor-element-4c0181e e-con-full e-flex e-con e-child\" data-id=\"4c0181e\" data-element_type=\"container\" data-e-type=\"container\" data-settings=\"{&quot;background_background&quot;:&quot;classic&quot;}\">\n\t\t\t\t<div class=\"elementor-element elementor-element-4eda0c0 elementor-widget__width-initial elementor-widget elementor-widget-text-editor\" data-id=\"4eda0c0\" data-element_type=\"widget\" data-e-type=\"widget\" data-widget_type=\"text-editor.default\">\n\t\t\t\t<div class=\"elementor-widget-container\">\n\t\t\t\t\t\t\t\t\t<p>Im Laufe der Jahre haben wir uns Herausforderungen gestellt und Erfolge gefeiert, aber dabei nie unser Engagement f\u00fcr Qualit\u00e4t und Innovation aus dem Auge verloren. Wenn wir heute auf all das Erreichte zur\u00fcckblicken, tun wir dies voller Dankbarkeit f\u00fcr die Unterst\u00fctzung unserer Kunden, engagierten Teammitglieder und gesch\u00e4tzten Partner. Ihr Enthusiasmus und ihre Ermutigung haben dazu beigetragen, Alveus zu der Marke zu machen, die sie heute ist: ein <strong>Synonym f\u00fcr Innovation, Qualit\u00e4t und Exzellenz.<\/strong><\/p><p>Wir verstehen uns nicht nur als Teeh\u00e4ndler; <strong>wir sind Pioniere und setzen neue Ma\u00dfst\u00e4be in einer jahrhundertealten Branche.<\/strong><\/p><p>Wir laden Sie ein, uns auf dieser aufregenden Reise zu begleiten, bei der wir neue Geschmacksrichtungen erforschen, die Grenzen der Kreativit\u00e4t austesten und danach streben, jeden Tee zu einem unvergesslichen Erlebnis f\u00fcr Ihre Kunden zu machen.<\/p><p><strong>Danke, dass Sie Teil unserer Geschichte sind.<\/strong><\/p>\t\t\t\t\t\t\t\t<\/div>\n\t\t\t\t<\/div>\n\t\t\t\t<\/div>\n\t\t\t\t<\/div>\n\t\t<div class=\"elementor-element elementor-element-40a38f8 e-con-full e-flex e-con e-child\" data-id=\"40a38f8\" data-element_type=\"container\" data-e-type=\"container\">\n\t\t<div class=\"elementor-element elementor-element-f5c681b e-con-full e-flex e-con e-child\" data-id=\"f5c681b\" data-element_type=\"container\" data-e-type=\"container\" data-settings=\"{&quot;background_background&quot;:&quot;classic&quot;}\">\n\t\t\t\t<div class=\"elementor-element elementor-element-edee8ab elementor-widget__width-initial elementor-widget elementor-widget-text-editor\" data-id=\"edee8ab\" data-element_type=\"widget\" data-e-type=\"widget\" data-widget_type=\"text-editor.default\">\n\t\t\t\t<div class=\"elementor-widget-container\">\n\t\t\t\t\t\t\t\t\t<p><strong>Mit Liebe hergestellt: die besten Mischungen der Welt in Ihrer Hand<\/strong><\/p><p>F\u00fcr uns ist Tee nicht nur ein Getr\u00e4nk. Tee bedeutet Leidenschaft, Kultur und einzigartige, einmalige Augenblicke der Entspannung und Besinnung. Tee ist eine Lebenseinstellung, Kultur und Respekt vor der Natur. Unser Tee ist BIO und verk\u00f6rpert einen \u00f6kologischen und nat\u00fcrlichen Lebensstil.<\/p><p>Aufgrund unserer langj\u00e4hrigen Erfahrung sind wir bis ins kleinste Detail mit Tee und seinen verschiedenen Mischungen vertraut. Da wir den vielf\u00e4ltigsten Teekatalog fortf\u00fchren m\u00f6chten, lassen wir uns st\u00e4ndig neu inspirieren. Unser Enthusiasmus wird durch Ihre Ideen und unsere Leidenschaft am Leben erhalten.<\/p>\t\t\t\t\t\t\t\t<\/div>\n\t\t\t\t<\/div>\n\t\t\t\t<\/div>\n\t\t<div class=\"elementor-element elementor-element-174ec01 e-con-full e-flex e-con e-child\" data-id=\"174ec01\" data-element_type=\"container\" data-e-type=\"container\">\n\t\t\t\t<div class=\"elementor-element elementor-element-d9e2c84 img-h-100 elementor-widget elementor-widget-image\" data-id=\"d9e2c84\" data-element_type=\"widget\" data-e-type=\"widget\" data-widget_type=\"image.default\">\n\t\t\t\t<div class=\"elementor-widget-container\">\n\t\t\t\t\t\t\t\t\t\t\t\t\t\t\t<img decoding=\"async\" width=\"565\" height=\"546\" src=\"https:\/\/www.alveus.eu\/wp-content\/uploads\/commercial-partner.jpg\" class=\"attachment-full size-full wp-image-8767\" alt=\"\" srcset=\"https:\/\/www.alveus.eu\/wp-content\/uploads\/commercial-partner.jpg 565w, https:\/\/www.alveus.eu\/wp-content\/uploads\/commercial-partner-300x290.jpg 300w\" sizes=\"(max-width: 565px) 100vw, 565px\" \/>\t\t\t\t\t\t\t\t\t\t\t\t\t\t\t<\/div>\n\t\t\t\t<\/div>\n\t\t\t\t<\/div>\n\t\t\t\t<\/div>\n\t\t\t\t\t<\/div>\n\t\t\t\t<\/div>\n\t\t<div class=\"elementor-element elementor-element-27979f3 e-flex e-con-boxed e-con e-parent\" data-id=\"27979f3\" data-element_type=\"container\" data-e-type=\"container\" data-settings=\"{&quot;background_background&quot;:&quot;classic&quot;}\">\n\t\t\t\t\t<div class=\"e-con-inner\">\n\t\t\t\t<div class=\"elementor-element elementor-element-03241e5 elementor-widget elementor-widget-heading\" data-id=\"03241e5\" data-element_type=\"widget\" data-e-type=\"widget\" data-widget_type=\"heading.default\">\n\t\t\t\t<div class=\"elementor-widget-container\">\n\t\t\t\t\t<h2 class=\"elementor-heading-title elementor-size-default\"><strong>Alveus \u2014 der Schl\u00fcssel zum Erfolg f\u00fcr Ihr Gesch\u00e4ft<\/strong><\/h2>\t\t\t\t<\/div>\n\t\t\t\t<\/div>\n\t\t\t\t<div class=\"elementor-element elementor-element-46f8aa3 elementor-align-center elementor-widget elementor-widget-button\" data-id=\"46f8aa3\" data-element_type=\"widget\" data-e-type=\"widget\" data-widget_type=\"button.default\">\n\t\t\t\t<div class=\"elementor-widget-container\">\n\t\t\t\t\t\t\t\t\t<div class=\"elementor-button-wrapper\">\n\t\t\t\t\t<a class=\"elementor-button elementor-button-link elementor-size-md\" href=\"\/de\/kontakt#form\">\n\t\t\t\t\t\t<span class=\"elementor-button-content-wrapper\">\n\t\t\t\t\t\t\t\t\t<span class=\"elementor-button-text\">REQUEST CATALOGUE<\/span>\n\t\t\t\t\t<\/span>\n\t\t\t\t\t<\/a>\n\t\t\t\t<\/div>\n\t\t\t\t\t\t\t\t<\/div>\n\t\t\t\t<\/div>\n\t\t\t\t\t<\/div>\n\t\t\t\t<\/div>\n\t\t\t\t<\/div>\n\t\t","protected":false},"excerpt":{"rendered":"<p>Zukunftsweisende Leidenschaft in der Welt des Tees Kommen Sie mit uns auf die faszinierende Reise, die uns zu dem gemacht hat, was wir heute sind: eine Referenz in der Welt des Tees. Von unseren bescheidenen Anf\u00e4ngen bis zu der herausragenden Position, die wir heute in der Branche genie\u00dfen, ist unsere Geschichte von einer unersch\u00fctterlichen Leidenschaft [&hellip;]<\/p>\n","protected":false},"author":4,"featured_media":8779,"parent":29292,"menu_order":0,"comment_status":"closed","ping_status":"closed","template":"","meta":{"_acf_changed":false,"footnotes":""},"class_list":["post-11209","page","type-page","status-publish","has-post-thumbnail","hentry"],"acf":[],"yoast_head":"<!-- This site is optimized with the Yoast SEO Premium plugin v27.5 (Yoast SEO v27.5) - https:\/\/yoast.com\/product\/yoast-seo-premium-wordpress\/ -->\n<title>Unsere Geschichte | Alveus<\/title>\n<meta name=\"description\" content=\"Von der kleinen Garage zu einem gro\u00dfen Unternehmen in Hamburg. Erfahren Sie mehr \u00fcber Alveus.\" \/>\n<meta name=\"robots\" content=\"index, follow, max-snippet:-1, max-image-preview:large, max-video-preview:-1\" \/>\n<link rel=\"canonical\" href=\"https:\/\/www.alveus.eu\/de\/uber-uns\/unternehmen\/geschichte\" \/>\n<meta property=\"og:locale\" content=\"de_DE\" \/>\n<meta property=\"og:type\" content=\"article\" \/>\n<meta property=\"og:title\" content=\"Geschichte\" \/>\n<meta property=\"og:description\" content=\"Von der kleinen Garage zu einem gro\u00dfen Unternehmen in Hamburg. Erfahren Sie mehr \u00fcber Alveus.\" \/>\n<meta property=\"og:url\" content=\"https:\/\/www.alveus.eu\/de\/uber-uns\/unternehmen\/geschichte\" \/>\n<meta property=\"og:site_name\" content=\"Alveus\" \/>\n<meta property=\"article:publisher\" content=\"https:\/\/www.facebook.com\/alveusinternational\/\" \/>\n<meta property=\"article:modified_time\" content=\"2024-05-09T11:22:13+00:00\" \/>\n<meta property=\"og:image\" content=\"https:\/\/www.alveus.eu\/wp-content\/uploads\/hero-history.jpg\" \/>\n\t<meta property=\"og:image:width\" content=\"1920\" \/>\n\t<meta property=\"og:image:height\" content=\"480\" \/>\n\t<meta property=\"og:image:type\" content=\"image\/jpeg\" \/>\n<meta name=\"twitter:card\" content=\"summary_large_image\" \/>\n<meta name=\"twitter:label1\" content=\"Gesch\u00e4tzte Lesezeit\" \/>\n\t<meta name=\"twitter:data1\" content=\"3\u00a0Minuten\" \/>\n<script type=\"application\/ld+json\" class=\"yoast-schema-graph\">{\"@context\":\"https:\\\/\\\/schema.org\",\"@graph\":[{\"@type\":\"WebPage\",\"@id\":\"https:\\\/\\\/www.alveus.eu\\\/de\\\/uber-uns\\\/unternehmen\\\/geschichte\",\"url\":\"https:\\\/\\\/www.alveus.eu\\\/de\\\/uber-uns\\\/unternehmen\\\/geschichte\",\"name\":\"Unsere Geschichte | Alveus\",\"isPartOf\":{\"@id\":\"https:\\\/\\\/www.alveus.eu\\\/de#website\"},\"primaryImageOfPage\":{\"@id\":\"https:\\\/\\\/www.alveus.eu\\\/de\\\/uber-uns\\\/unternehmen\\\/geschichte#primaryimage\"},\"image\":{\"@id\":\"https:\\\/\\\/www.alveus.eu\\\/de\\\/uber-uns\\\/unternehmen\\\/geschichte#primaryimage\"},\"thumbnailUrl\":\"https:\\\/\\\/www.alveus.eu\\\/wp-content\\\/uploads\\\/hero-history.jpg\",\"datePublished\":\"2023-07-20T11:29:38+00:00\",\"dateModified\":\"2024-05-09T11:22:13+00:00\",\"description\":\"Von der kleinen Garage zu einem gro\u00dfen Unternehmen in Hamburg. Erfahren Sie mehr \u00fcber Alveus.\",\"breadcrumb\":{\"@id\":\"https:\\\/\\\/www.alveus.eu\\\/de\\\/uber-uns\\\/unternehmen\\\/geschichte#breadcrumb\"},\"inLanguage\":\"de\",\"potentialAction\":[{\"@type\":\"ReadAction\",\"target\":[\"https:\\\/\\\/www.alveus.eu\\\/de\\\/uber-uns\\\/unternehmen\\\/geschichte\"]}]},{\"@type\":\"ImageObject\",\"inLanguage\":\"de\",\"@id\":\"https:\\\/\\\/www.alveus.eu\\\/de\\\/uber-uns\\\/unternehmen\\\/geschichte#primaryimage\",\"url\":\"https:\\\/\\\/www.alveus.eu\\\/wp-content\\\/uploads\\\/hero-history.jpg\",\"contentUrl\":\"https:\\\/\\\/www.alveus.eu\\\/wp-content\\\/uploads\\\/hero-history.jpg\",\"width\":1920,\"height\":480},{\"@type\":\"BreadcrumbList\",\"@id\":\"https:\\\/\\\/www.alveus.eu\\\/de\\\/uber-uns\\\/unternehmen\\\/geschichte#breadcrumb\",\"itemListElement\":[{\"@type\":\"ListItem\",\"position\":1,\"name\":\"Home\",\"item\":\"https:\\\/\\\/www.alveus.eu\\\/de\"},{\"@type\":\"ListItem\",\"position\":2,\"name\":\"\u00dcber uns\",\"item\":\"https:\\\/\\\/www.alveus.eu\\\/de\\\/uber-uns\"},{\"@type\":\"ListItem\",\"position\":3,\"name\":\"Unternehmen\",\"item\":\"https:\\\/\\\/www.alveus.eu\\\/de\\\/uber-uns\\\/unternehmen\"},{\"@type\":\"ListItem\",\"position\":4,\"name\":\"Geschichte\"}]},{\"@type\":\"WebSite\",\"@id\":\"https:\\\/\\\/www.alveus.eu\\\/de#website\",\"url\":\"https:\\\/\\\/www.alveus.eu\\\/de\",\"name\":\"Alveus\",\"description\":\"\",\"publisher\":{\"@id\":\"https:\\\/\\\/www.alveus.eu\\\/de#organization\"},\"potentialAction\":[{\"@type\":\"SearchAction\",\"target\":{\"@type\":\"EntryPoint\",\"urlTemplate\":\"https:\\\/\\\/www.alveus.eu\\\/de?s={search_term_string}\"},\"query-input\":{\"@type\":\"PropertyValueSpecification\",\"valueRequired\":true,\"valueName\":\"search_term_string\"}}],\"inLanguage\":\"de\"},{\"@type\":\"Organization\",\"@id\":\"https:\\\/\\\/www.alveus.eu\\\/de#organization\",\"name\":\"Alveus\",\"alternateName\":\"Alveus Premium Teas\",\"url\":\"https:\\\/\\\/www.alveus.eu\\\/de\",\"logo\":{\"@type\":\"ImageObject\",\"inLanguage\":\"de\",\"@id\":\"https:\\\/\\\/www.alveus.eu\\\/de#\\\/schema\\\/logo\\\/image\\\/\",\"url\":\"https:\\\/\\\/www.alveus.eu\\\/wp-content\\\/uploads\\\/2023\\\/07\\\/alveus-logo-primary.png\",\"contentUrl\":\"https:\\\/\\\/www.alveus.eu\\\/wp-content\\\/uploads\\\/2023\\\/07\\\/alveus-logo-primary.png\",\"width\":248,\"height\":248,\"caption\":\"Alveus\"},\"image\":{\"@id\":\"https:\\\/\\\/www.alveus.eu\\\/de#\\\/schema\\\/logo\\\/image\\\/\"},\"sameAs\":[\"https:\\\/\\\/www.facebook.com\\\/alveusinternational\\\/\",\"https:\\\/\\\/www.instagram.com\\\/alveustea\\\/\",\"https:\\\/\\\/de.linkedin.com\\\/company\\\/alveustea\"]}]}<\/script>\n<!-- \/ Yoast SEO Premium plugin. -->","yoast_head_json":{"title":"Unsere Geschichte | Alveus","description":"Von der kleinen Garage zu einem gro\u00dfen Unternehmen in Hamburg. Erfahren Sie mehr \u00fcber Alveus.","robots":{"index":"index","follow":"follow","max-snippet":"max-snippet:-1","max-image-preview":"max-image-preview:large","max-video-preview":"max-video-preview:-1"},"canonical":"https:\/\/www.alveus.eu\/de\/uber-uns\/unternehmen\/geschichte","og_locale":"de_DE","og_type":"article","og_title":"Geschichte","og_description":"Von der kleinen Garage zu einem gro\u00dfen Unternehmen in Hamburg. Erfahren Sie mehr \u00fcber Alveus.","og_url":"https:\/\/www.alveus.eu\/de\/uber-uns\/unternehmen\/geschichte","og_site_name":"Alveus","article_publisher":"https:\/\/www.facebook.com\/alveusinternational\/","article_modified_time":"2024-05-09T11:22:13+00:00","og_image":[{"width":1920,"height":480,"url":"https:\/\/www.alveus.eu\/wp-content\/uploads\/hero-history.jpg","type":"image\/jpeg"}],"twitter_card":"summary_large_image","twitter_misc":{"Gesch\u00e4tzte Lesezeit":"3\u00a0Minuten"},"schema":{"@context":"https:\/\/schema.org","@graph":[{"@type":"WebPage","@id":"https:\/\/www.alveus.eu\/de\/uber-uns\/unternehmen\/geschichte","url":"https:\/\/www.alveus.eu\/de\/uber-uns\/unternehmen\/geschichte","name":"Unsere Geschichte | Alveus","isPartOf":{"@id":"https:\/\/www.alveus.eu\/de#website"},"primaryImageOfPage":{"@id":"https:\/\/www.alveus.eu\/de\/uber-uns\/unternehmen\/geschichte#primaryimage"},"image":{"@id":"https:\/\/www.alveus.eu\/de\/uber-uns\/unternehmen\/geschichte#primaryimage"},"thumbnailUrl":"https:\/\/www.alveus.eu\/wp-content\/uploads\/hero-history.jpg","datePublished":"2023-07-20T11:29:38+00:00","dateModified":"2024-05-09T11:22:13+00:00","description":"Von der kleinen Garage zu einem gro\u00dfen Unternehmen in Hamburg. Erfahren Sie mehr \u00fcber Alveus.","breadcrumb":{"@id":"https:\/\/www.alveus.eu\/de\/uber-uns\/unternehmen\/geschichte#breadcrumb"},"inLanguage":"de","potentialAction":[{"@type":"ReadAction","target":["https:\/\/www.alveus.eu\/de\/uber-uns\/unternehmen\/geschichte"]}]},{"@type":"ImageObject","inLanguage":"de","@id":"https:\/\/www.alveus.eu\/de\/uber-uns\/unternehmen\/geschichte#primaryimage","url":"https:\/\/www.alveus.eu\/wp-content\/uploads\/hero-history.jpg","contentUrl":"https:\/\/www.alveus.eu\/wp-content\/uploads\/hero-history.jpg","width":1920,"height":480},{"@type":"BreadcrumbList","@id":"https:\/\/www.alveus.eu\/de\/uber-uns\/unternehmen\/geschichte#breadcrumb","itemListElement":[{"@type":"ListItem","position":1,"name":"Home","item":"https:\/\/www.alveus.eu\/de"},{"@type":"ListItem","position":2,"name":"\u00dcber uns","item":"https:\/\/www.alveus.eu\/de\/uber-uns"},{"@type":"ListItem","position":3,"name":"Unternehmen","item":"https:\/\/www.alveus.eu\/de\/uber-uns\/unternehmen"},{"@type":"ListItem","position":4,"name":"Geschichte"}]},{"@type":"WebSite","@id":"https:\/\/www.alveus.eu\/de#website","url":"https:\/\/www.alveus.eu\/de","name":"Alveus","description":"","publisher":{"@id":"https:\/\/www.alveus.eu\/de#organization"},"potentialAction":[{"@type":"SearchAction","target":{"@type":"EntryPoint","urlTemplate":"https:\/\/www.alveus.eu\/de?s={search_term_string}"},"query-input":{"@type":"PropertyValueSpecification","valueRequired":true,"valueName":"search_term_string"}}],"inLanguage":"de"},{"@type":"Organization","@id":"https:\/\/www.alveus.eu\/de#organization","name":"Alveus","alternateName":"Alveus Premium Teas","url":"https:\/\/www.alveus.eu\/de","logo":{"@type":"ImageObject","inLanguage":"de","@id":"https:\/\/www.alveus.eu\/de#\/schema\/logo\/image\/","url":"https:\/\/www.alveus.eu\/wp-content\/uploads\/2023\/07\/alveus-logo-primary.png","contentUrl":"https:\/\/www.alveus.eu\/wp-content\/uploads\/2023\/07\/alveus-logo-primary.png","width":248,"height":248,"caption":"Alveus"},"image":{"@id":"https:\/\/www.alveus.eu\/de#\/schema\/logo\/image\/"},"sameAs":["https:\/\/www.facebook.com\/alveusinternational\/","https:\/\/www.instagram.com\/alveustea\/","https:\/\/de.linkedin.com\/company\/alveustea"]}]}},"_links":{"self":[{"href":"https:\/\/www.alveus.eu\/de\/wp-json\/wp\/v2\/pages\/11209","targetHints":{"allow":["GET"]}}],"collection":[{"href":"https:\/\/www.alveus.eu\/de\/wp-json\/wp\/v2\/pages"}],"about":[{"href":"https:\/\/www.alveus.eu\/de\/wp-json\/wp\/v2\/types\/page"}],"author":[{"embeddable":true,"href":"https:\/\/www.alveus.eu\/de\/wp-json\/wp\/v2\/users\/4"}],"replies":[{"embeddable":true,"href":"https:\/\/www.alveus.eu\/de\/wp-json\/wp\/v2\/comments?post=11209"}],"version-history":[{"count":4,"href":"https:\/\/www.alveus.eu\/de\/wp-json\/wp\/v2\/pages\/11209\/revisions"}],"predecessor-version":[{"id":37829,"href":"https:\/\/www.alveus.eu\/de\/wp-json\/wp\/v2\/pages\/11209\/revisions\/37829"}],"up":[{"embeddable":true,"href":"https:\/\/www.alveus.eu\/de\/wp-json\/wp\/v2\/pages\/29292"}],"wp:featuredmedia":[{"embeddable":true,"href":"https:\/\/www.alveus.eu\/de\/wp-json\/wp\/v2\/media\/8779"}],"wp:attachment":[{"href":"https:\/\/www.alveus.eu\/de\/wp-json\/wp\/v2\/media?parent=11209"}],"curies":[{"name":"wp","href":"https:\/\/api.w.org\/{rel}","templated":true}]}}