{"id":11155,"date":"2023-07-20T12:29:38","date_gmt":"2023-07-20T11:29:38","guid":{"rendered":"https:\/\/www.alveus.eu\/nosotros\/history\/"},"modified":"2024-05-09T12:54:55","modified_gmt":"2024-05-09T11:54:55","slug":"historia","status":"publish","type":"page","link":"https:\/\/www.alveus.eu\/es\/nosotros\/empresa\/historia","title":{"rendered":"Historia"},"content":{"rendered":"\t\t<div data-elementor-type=\"wp-page\" data-elementor-id=\"11155\" class=\"elementor elementor-11155 elementor-6507\" data-elementor-post-type=\"page\">\n\t\t\t\t<div class=\"elementor-element elementor-element-22f7bab e-flex e-con-boxed e-con e-parent\" data-id=\"22f7bab\" data-element_type=\"container\" data-e-type=\"container\">\n\t\t\t\t\t<div class=\"e-con-inner\">\n\t\t\t\t<div class=\"elementor-element elementor-element-9d444e7 elementor-widget elementor-widget-heading\" data-id=\"9d444e7\" data-element_type=\"widget\" data-e-type=\"widget\" data-widget_type=\"heading.default\">\n\t\t\t\t<div class=\"elementor-widget-container\">\n\t\t\t\t\t<h1 class=\"elementor-heading-title elementor-size-default\">Pasi\u00f3n y Vanguardia en el Mundo del T\u00e9<\/h1>\t\t\t\t<\/div>\n\t\t\t\t<\/div>\n\t\t<div class=\"elementor-element elementor-element-5673089 e-con-full e-flex e-con e-child\" data-id=\"5673089\" data-element_type=\"container\" data-e-type=\"container\">\n\t\t<div class=\"elementor-element elementor-element-121e06d e-con-full e-flex e-con e-child\" data-id=\"121e06d\" data-element_type=\"container\" data-e-type=\"container\" data-settings=\"{&quot;background_background&quot;:&quot;classic&quot;}\">\n\t\t\t\t<div class=\"elementor-element elementor-element-9ccc3a3 elementor-widget__width-initial elementor-widget elementor-widget-text-editor\" data-id=\"9ccc3a3\" data-element_type=\"widget\" data-e-type=\"widget\" data-widget_type=\"text-editor.default\">\n\t\t\t\t<div class=\"elementor-widget-container\">\n\t\t\t\t\t\t\t\t\t<p><span style=\"font-weight: 400;\">Sum\u00e9rgete en el fascinante viaje que nos ha llevado a convertirnos en lo que somos hoy:<strong> un referente en el universo del t\u00e9.<\/strong><\/span><\/p><p><span style=\"font-weight: 400;\">Desde nuestros humildes comienzos hasta el lugar destacado que ocupamos a d\u00eda de hoy en la industria, nuestra historia est\u00e1 marcada por una inquebrantable pasi\u00f3n por el t\u00e9 y un esp\u00edritu pionero que nos impulsa a desafiar los l\u00edmites de la tradici\u00f3n.<\/span><\/p><p><span style=\"font-weight: 400;\">Todo empez\u00f3 con una visi\u00f3n clara: modernizar y elevar el est\u00e1ndar de excelencia en la producci\u00f3n y comercializaci\u00f3n de t\u00e9. Con una dedicaci\u00f3n sin igual y una b\u00fasqueda constante de la perfecci\u00f3n, nos embarcamos en el desaf\u00edo de ofrecer no solo productos excepcionales, sino tambi\u00e9n una experiencia \u00fanica para nuestros clientes.<\/span><\/p>\t\t\t\t\t\t\t\t<\/div>\n\t\t\t\t<\/div>\n\t\t\t\t<\/div>\n\t\t<div class=\"elementor-element elementor-element-ec2b364 e-con-full e-flex e-con e-child\" data-id=\"ec2b364\" data-element_type=\"container\" data-e-type=\"container\">\n\t\t\t\t<div class=\"elementor-element elementor-element-9506905 img-h-100 elementor-widget elementor-widget-image\" data-id=\"9506905\" data-element_type=\"widget\" data-e-type=\"widget\" data-widget_type=\"image.default\">\n\t\t\t\t<div class=\"elementor-widget-container\">\n\t\t\t\t\t\t\t\t\t\t\t\t\t\t\t<img fetchpriority=\"high\" decoding=\"async\" width=\"553\" height=\"480\" src=\"https:\/\/www.alveus.eu\/wp-content\/uploads\/tea-world.jpg\" class=\"attachment-full size-full wp-image-8787\" alt=\"\" srcset=\"https:\/\/www.alveus.eu\/wp-content\/uploads\/tea-world.jpg 553w, https:\/\/www.alveus.eu\/wp-content\/uploads\/tea-world-300x260.jpg 300w\" sizes=\"(max-width: 553px) 100vw, 553px\" \/>\t\t\t\t\t\t\t\t\t\t\t\t\t\t\t<\/div>\n\t\t\t\t<\/div>\n\t\t\t\t<\/div>\n\t\t\t\t<\/div>\n\t\t<div class=\"elementor-element elementor-element-504ac56 e-con-full e-flex e-con e-child\" data-id=\"504ac56\" data-element_type=\"container\" data-e-type=\"container\">\n\t\t<div class=\"elementor-element elementor-element-bec2591 e-con-full e-flex e-con e-child\" data-id=\"bec2591\" data-element_type=\"container\" data-e-type=\"container\">\n\t\t\t\t<div class=\"elementor-element elementor-element-055217d img-h-100 elementor-widget elementor-widget-image\" data-id=\"055217d\" data-element_type=\"widget\" data-e-type=\"widget\" data-widget_type=\"image.default\">\n\t\t\t\t<div class=\"elementor-widget-container\">\n\t\t\t\t\t\t\t\t\t\t\t\t\t\t\t<img decoding=\"async\" width=\"650\" height=\"618\" src=\"https:\/\/www.alveus.eu\/wp-content\/uploads\/earlyyears-1.jpg\" class=\"attachment-full size-full wp-image-8775\" alt=\"\" srcset=\"https:\/\/www.alveus.eu\/wp-content\/uploads\/earlyyears-1.jpg 650w, https:\/\/www.alveus.eu\/wp-content\/uploads\/earlyyears-1-300x285.jpg 300w\" sizes=\"(max-width: 650px) 100vw, 650px\" \/>\t\t\t\t\t\t\t\t\t\t\t\t\t\t\t<\/div>\n\t\t\t\t<\/div>\n\t\t\t\t<\/div>\n\t\t<div class=\"elementor-element elementor-element-4c0181e e-con-full e-flex e-con e-child\" data-id=\"4c0181e\" data-element_type=\"container\" data-e-type=\"container\" data-settings=\"{&quot;background_background&quot;:&quot;classic&quot;}\">\n\t\t\t\t<div class=\"elementor-element elementor-element-4eda0c0 elementor-widget__width-initial elementor-widget elementor-widget-text-editor\" data-id=\"4eda0c0\" data-element_type=\"widget\" data-e-type=\"widget\" data-widget_type=\"text-editor.default\">\n\t\t\t\t<div class=\"elementor-widget-container\">\n\t\t\t\t\t\t\t\t\t<p>A lo largo de los a\u00f1os hemos enfrentado desaf\u00edos y celebrado triunfos, pero nuestro compromiso con la calidad y la innovaci\u00f3n nunca ha vacilado. Hoy, al mirar hacia atr\u00e1s y ver lo lejos que hemos llegado, estamos llenos de gratitud por el apoyo de nuestros clientes, dedicados miembros del equipo y valiosos socios. Su entusiasmo y aliento han sido fundamentales para dar forma a Alveus y convertirla en la marca que es hoy: <strong>sin\u00f3nimo de innovaci\u00f3n, calidad y compromiso con la excelencia.<\/strong><\/p><p>En esencia, somos m\u00e1s que una empresa de t\u00e9; <strong>somos pioneros y estamos remodelando el panorama de una industria ancestral.<\/strong><\/p><p>Te invitamos a unirte a nosotros en este emocionante viaje mientras exploramos nuevos sabores, empujamos los l\u00edmites de la creatividad y nos esforzamos por hacer que cada t\u00e9 sea una experiencia inolvidable para tus clientes.<\/p><p><strong>Gracias por ser parte de nuestra historia.\u00a0<\/strong><\/p>\t\t\t\t\t\t\t\t<\/div>\n\t\t\t\t<\/div>\n\t\t\t\t<\/div>\n\t\t\t\t<\/div>\n\t\t<div class=\"elementor-element elementor-element-40a38f8 e-con-full e-flex e-con e-child\" data-id=\"40a38f8\" data-element_type=\"container\" data-e-type=\"container\">\n\t\t<div class=\"elementor-element elementor-element-f5c681b e-con-full e-flex e-con e-child\" data-id=\"f5c681b\" data-element_type=\"container\" data-e-type=\"container\" data-settings=\"{&quot;background_background&quot;:&quot;classic&quot;}\">\n\t\t\t\t<div class=\"elementor-element elementor-element-edee8ab elementor-widget__width-initial elementor-widget elementor-widget-text-editor\" data-id=\"edee8ab\" data-element_type=\"widget\" data-e-type=\"widget\" data-widget_type=\"text-editor.default\">\n\t\t\t\t<div class=\"elementor-widget-container\">\n\t\t\t\t\t\t\t\t\t<p><strong>Mezclas hechas con amor, los mejores blends del mundo<\/strong><\/p><p>Para nosotros el t\u00e9 no es solo una bebida; es pasi\u00f3n, cultura y un momento \u00fanico e irrepetible de relax y reflexi\u00f3n. Es una actitud ante la vida, es cultura y es respeto por la naturaleza. Es BIO, org\u00e1nico y natural como estilo de vida.<\/p><p>Conocemos el t\u00e9 y las infusiones porque tenemos muchos a\u00f1os de experiencia, porque nos inspira la creaci\u00f3n de nuevas recetas, y porque queremos mantener el mayor cat\u00e1logo del mundo con lo \u00faltimo de la industria. Nuestro entusiasmo se construye d\u00eda a d\u00eda, junto con vuestras ideas y nuestra pasi\u00f3n por el t\u00e9.<\/p>\t\t\t\t\t\t\t\t<\/div>\n\t\t\t\t<\/div>\n\t\t\t\t<\/div>\n\t\t<div class=\"elementor-element elementor-element-174ec01 e-con-full e-flex e-con e-child\" data-id=\"174ec01\" data-element_type=\"container\" data-e-type=\"container\">\n\t\t\t\t<div class=\"elementor-element elementor-element-d9e2c84 img-h-100 elementor-widget elementor-widget-image\" data-id=\"d9e2c84\" data-element_type=\"widget\" data-e-type=\"widget\" data-widget_type=\"image.default\">\n\t\t\t\t<div class=\"elementor-widget-container\">\n\t\t\t\t\t\t\t\t\t\t\t\t\t\t\t<img decoding=\"async\" width=\"565\" height=\"546\" src=\"https:\/\/www.alveus.eu\/wp-content\/uploads\/commercial-partner.jpg\" class=\"attachment-full size-full wp-image-8769\" alt=\"\" srcset=\"https:\/\/www.alveus.eu\/wp-content\/uploads\/commercial-partner.jpg 565w, https:\/\/www.alveus.eu\/wp-content\/uploads\/commercial-partner-300x290.jpg 300w\" sizes=\"(max-width: 565px) 100vw, 565px\" \/>\t\t\t\t\t\t\t\t\t\t\t\t\t\t\t<\/div>\n\t\t\t\t<\/div>\n\t\t\t\t<\/div>\n\t\t\t\t<\/div>\n\t\t\t\t\t<\/div>\n\t\t\t\t<\/div>\n\t\t<div class=\"elementor-element elementor-element-27979f3 e-flex e-con-boxed e-con e-parent\" data-id=\"27979f3\" data-element_type=\"container\" data-e-type=\"container\" data-settings=\"{&quot;background_background&quot;:&quot;classic&quot;}\">\n\t\t\t\t\t<div class=\"e-con-inner\">\n\t\t\t\t<div class=\"elementor-element elementor-element-03241e5 elementor-widget elementor-widget-heading\" data-id=\"03241e5\" data-element_type=\"widget\" data-e-type=\"widget\" data-widget_type=\"heading.default\">\n\t\t\t\t<div class=\"elementor-widget-container\">\n\t\t\t\t\t<h2 class=\"elementor-heading-title elementor-size-default\"><strong>Si quieres saber todo lo que Alveus puede hacer por ti\u2026<\/strong><\/h2>\t\t\t\t<\/div>\n\t\t\t\t<\/div>\n\t\t\t\t<div class=\"elementor-element elementor-element-46f8aa3 elementor-align-center elementor-widget elementor-widget-button\" data-id=\"46f8aa3\" data-element_type=\"widget\" data-e-type=\"widget\" data-widget_type=\"button.default\">\n\t\t\t\t<div class=\"elementor-widget-container\">\n\t\t\t\t\t\t\t\t\t<div class=\"elementor-button-wrapper\">\n\t\t\t\t\t<a class=\"elementor-button elementor-button-link elementor-size-md\" href=\"\/es\/contacto#contact\">\n\t\t\t\t\t\t<span class=\"elementor-button-content-wrapper\">\n\t\t\t\t\t\t\t\t\t<span class=\"elementor-button-text\">CONTACTA<\/span>\n\t\t\t\t\t<\/span>\n\t\t\t\t\t<\/a>\n\t\t\t\t<\/div>\n\t\t\t\t\t\t\t\t<\/div>\n\t\t\t\t<\/div>\n\t\t\t\t\t<\/div>\n\t\t\t\t<\/div>\n\t\t\t\t<\/div>\n\t\t","protected":false},"excerpt":{"rendered":"<p>Pasi\u00f3n y Vanguardia en el Mundo del T\u00e9 Sum\u00e9rgete en el fascinante viaje que nos ha llevado a convertirnos en lo que somos hoy: un referente en el universo del t\u00e9. Desde nuestros humildes comienzos hasta el lugar destacado que ocupamos a d\u00eda de hoy en la industria, nuestra historia est\u00e1 marcada por una inquebrantable [&hellip;]<\/p>\n","protected":false},"author":4,"featured_media":8781,"parent":29218,"menu_order":0,"comment_status":"closed","ping_status":"closed","template":"","meta":{"_acf_changed":false,"footnotes":""},"class_list":["post-11155","page","type-page","status-publish","has-post-thumbnail","hentry"],"acf":[],"yoast_head":"<!-- This site is optimized with the Yoast SEO Premium plugin v27.5 (Yoast SEO v27.5) - https:\/\/yoast.com\/product\/yoast-seo-premium-wordpress\/ -->\n<title>Conoce nuestra Historia | Alveus<\/title>\n<meta name=\"description\" content=\"Desde un peque\u00f1o Garaje hasta una gran empresa en Hamburgo, un desarrollo empresarial en el mundo del T\u00e9 y las infusiones. Conoce m\u00e1s sobre Alveus.\" \/>\n<meta name=\"robots\" content=\"index, follow, max-snippet:-1, max-image-preview:large, max-video-preview:-1\" \/>\n<link rel=\"canonical\" href=\"https:\/\/www.alveus.eu\/es\/nosotros\/empresa\/historia\" \/>\n<meta property=\"og:locale\" content=\"es_ES\" \/>\n<meta property=\"og:type\" content=\"article\" \/>\n<meta property=\"og:title\" content=\"Historia\" \/>\n<meta property=\"og:description\" content=\"Desde un peque\u00f1o Garaje hasta una gran empresa en Hamburgo, un desarrollo empresarial en el mundo del T\u00e9 y las infusiones. Conoce m\u00e1s sobre Alveus.\" \/>\n<meta property=\"og:url\" content=\"https:\/\/www.alveus.eu\/es\/nosotros\/empresa\/historia\" \/>\n<meta property=\"og:site_name\" content=\"Alveus\" \/>\n<meta property=\"article:publisher\" content=\"https:\/\/www.facebook.com\/alveusinternational\/\" \/>\n<meta property=\"article:modified_time\" content=\"2024-05-09T11:54:55+00:00\" \/>\n<meta property=\"og:image\" content=\"https:\/\/www.alveus.eu\/wp-content\/uploads\/hero-history.jpg\" \/>\n\t<meta property=\"og:image:width\" content=\"1920\" \/>\n\t<meta property=\"og:image:height\" content=\"480\" \/>\n\t<meta property=\"og:image:type\" content=\"image\/jpeg\" \/>\n<meta name=\"twitter:card\" content=\"summary_large_image\" \/>\n<meta name=\"twitter:label1\" content=\"Tiempo de lectura\" \/>\n\t<meta name=\"twitter:data1\" content=\"3 minutos\" \/>\n<script type=\"application\/ld+json\" class=\"yoast-schema-graph\">{\"@context\":\"https:\\\/\\\/schema.org\",\"@graph\":[{\"@type\":\"WebPage\",\"@id\":\"https:\\\/\\\/www.alveus.eu\\\/es\\\/nosotros\\\/empresa\\\/historia\",\"url\":\"https:\\\/\\\/www.alveus.eu\\\/es\\\/nosotros\\\/empresa\\\/historia\",\"name\":\"Conoce nuestra Historia | Alveus\",\"isPartOf\":{\"@id\":\"https:\\\/\\\/www.alveus.eu\\\/es#website\"},\"primaryImageOfPage\":{\"@id\":\"https:\\\/\\\/www.alveus.eu\\\/es\\\/nosotros\\\/empresa\\\/historia#primaryimage\"},\"image\":{\"@id\":\"https:\\\/\\\/www.alveus.eu\\\/es\\\/nosotros\\\/empresa\\\/historia#primaryimage\"},\"thumbnailUrl\":\"https:\\\/\\\/www.alveus.eu\\\/wp-content\\\/uploads\\\/hero-history.jpg\",\"datePublished\":\"2023-07-20T11:29:38+00:00\",\"dateModified\":\"2024-05-09T11:54:55+00:00\",\"description\":\"Desde un peque\u00f1o Garaje hasta una gran empresa en Hamburgo, un desarrollo empresarial en el mundo del T\u00e9 y las infusiones. Conoce m\u00e1s sobre Alveus.\",\"breadcrumb\":{\"@id\":\"https:\\\/\\\/www.alveus.eu\\\/es\\\/nosotros\\\/empresa\\\/historia#breadcrumb\"},\"inLanguage\":\"es\",\"potentialAction\":[{\"@type\":\"ReadAction\",\"target\":[\"https:\\\/\\\/www.alveus.eu\\\/es\\\/nosotros\\\/empresa\\\/historia\"]}]},{\"@type\":\"ImageObject\",\"inLanguage\":\"es\",\"@id\":\"https:\\\/\\\/www.alveus.eu\\\/es\\\/nosotros\\\/empresa\\\/historia#primaryimage\",\"url\":\"https:\\\/\\\/www.alveus.eu\\\/wp-content\\\/uploads\\\/hero-history.jpg\",\"contentUrl\":\"https:\\\/\\\/www.alveus.eu\\\/wp-content\\\/uploads\\\/hero-history.jpg\",\"width\":1920,\"height\":480},{\"@type\":\"BreadcrumbList\",\"@id\":\"https:\\\/\\\/www.alveus.eu\\\/es\\\/nosotros\\\/empresa\\\/historia#breadcrumb\",\"itemListElement\":[{\"@type\":\"ListItem\",\"position\":1,\"name\":\"Home\",\"item\":\"https:\\\/\\\/www.alveus.eu\\\/es\"},{\"@type\":\"ListItem\",\"position\":2,\"name\":\"Nosotros\",\"item\":\"https:\\\/\\\/www.alveus.eu\\\/es\\\/nosotros\"},{\"@type\":\"ListItem\",\"position\":3,\"name\":\"Empresa\",\"item\":\"https:\\\/\\\/www.alveus.eu\\\/es\\\/nosotros\\\/empresa\"},{\"@type\":\"ListItem\",\"position\":4,\"name\":\"Historia\"}]},{\"@type\":\"WebSite\",\"@id\":\"https:\\\/\\\/www.alveus.eu\\\/es#website\",\"url\":\"https:\\\/\\\/www.alveus.eu\\\/es\",\"name\":\"Alveus\",\"description\":\"\",\"publisher\":{\"@id\":\"https:\\\/\\\/www.alveus.eu\\\/es#organization\"},\"potentialAction\":[{\"@type\":\"SearchAction\",\"target\":{\"@type\":\"EntryPoint\",\"urlTemplate\":\"https:\\\/\\\/www.alveus.eu\\\/es?s={search_term_string}\"},\"query-input\":{\"@type\":\"PropertyValueSpecification\",\"valueRequired\":true,\"valueName\":\"search_term_string\"}}],\"inLanguage\":\"es\"},{\"@type\":\"Organization\",\"@id\":\"https:\\\/\\\/www.alveus.eu\\\/es#organization\",\"name\":\"Alveus\",\"alternateName\":\"Alveus Premium Teas\",\"url\":\"https:\\\/\\\/www.alveus.eu\\\/es\",\"logo\":{\"@type\":\"ImageObject\",\"inLanguage\":\"es\",\"@id\":\"https:\\\/\\\/www.alveus.eu\\\/es#\\\/schema\\\/logo\\\/image\\\/\",\"url\":\"https:\\\/\\\/www.alveus.eu\\\/wp-content\\\/uploads\\\/2023\\\/07\\\/alveus-logo-primary.png\",\"contentUrl\":\"https:\\\/\\\/www.alveus.eu\\\/wp-content\\\/uploads\\\/2023\\\/07\\\/alveus-logo-primary.png\",\"width\":248,\"height\":248,\"caption\":\"Alveus\"},\"image\":{\"@id\":\"https:\\\/\\\/www.alveus.eu\\\/es#\\\/schema\\\/logo\\\/image\\\/\"},\"sameAs\":[\"https:\\\/\\\/www.facebook.com\\\/alveusinternational\\\/\",\"https:\\\/\\\/www.instagram.com\\\/alveustea\\\/\",\"https:\\\/\\\/de.linkedin.com\\\/company\\\/alveustea\"]}]}<\/script>\n<!-- \/ Yoast SEO Premium plugin. -->","yoast_head_json":{"title":"Conoce nuestra Historia | Alveus","description":"Desde un peque\u00f1o Garaje hasta una gran empresa en Hamburgo, un desarrollo empresarial en el mundo del T\u00e9 y las infusiones. Conoce m\u00e1s sobre Alveus.","robots":{"index":"index","follow":"follow","max-snippet":"max-snippet:-1","max-image-preview":"max-image-preview:large","max-video-preview":"max-video-preview:-1"},"canonical":"https:\/\/www.alveus.eu\/es\/nosotros\/empresa\/historia","og_locale":"es_ES","og_type":"article","og_title":"Historia","og_description":"Desde un peque\u00f1o Garaje hasta una gran empresa en Hamburgo, un desarrollo empresarial en el mundo del T\u00e9 y las infusiones. Conoce m\u00e1s sobre Alveus.","og_url":"https:\/\/www.alveus.eu\/es\/nosotros\/empresa\/historia","og_site_name":"Alveus","article_publisher":"https:\/\/www.facebook.com\/alveusinternational\/","article_modified_time":"2024-05-09T11:54:55+00:00","og_image":[{"width":1920,"height":480,"url":"https:\/\/www.alveus.eu\/wp-content\/uploads\/hero-history.jpg","type":"image\/jpeg"}],"twitter_card":"summary_large_image","twitter_misc":{"Tiempo de lectura":"3 minutos"},"schema":{"@context":"https:\/\/schema.org","@graph":[{"@type":"WebPage","@id":"https:\/\/www.alveus.eu\/es\/nosotros\/empresa\/historia","url":"https:\/\/www.alveus.eu\/es\/nosotros\/empresa\/historia","name":"Conoce nuestra Historia | Alveus","isPartOf":{"@id":"https:\/\/www.alveus.eu\/es#website"},"primaryImageOfPage":{"@id":"https:\/\/www.alveus.eu\/es\/nosotros\/empresa\/historia#primaryimage"},"image":{"@id":"https:\/\/www.alveus.eu\/es\/nosotros\/empresa\/historia#primaryimage"},"thumbnailUrl":"https:\/\/www.alveus.eu\/wp-content\/uploads\/hero-history.jpg","datePublished":"2023-07-20T11:29:38+00:00","dateModified":"2024-05-09T11:54:55+00:00","description":"Desde un peque\u00f1o Garaje hasta una gran empresa en Hamburgo, un desarrollo empresarial en el mundo del T\u00e9 y las infusiones. Conoce m\u00e1s sobre Alveus.","breadcrumb":{"@id":"https:\/\/www.alveus.eu\/es\/nosotros\/empresa\/historia#breadcrumb"},"inLanguage":"es","potentialAction":[{"@type":"ReadAction","target":["https:\/\/www.alveus.eu\/es\/nosotros\/empresa\/historia"]}]},{"@type":"ImageObject","inLanguage":"es","@id":"https:\/\/www.alveus.eu\/es\/nosotros\/empresa\/historia#primaryimage","url":"https:\/\/www.alveus.eu\/wp-content\/uploads\/hero-history.jpg","contentUrl":"https:\/\/www.alveus.eu\/wp-content\/uploads\/hero-history.jpg","width":1920,"height":480},{"@type":"BreadcrumbList","@id":"https:\/\/www.alveus.eu\/es\/nosotros\/empresa\/historia#breadcrumb","itemListElement":[{"@type":"ListItem","position":1,"name":"Home","item":"https:\/\/www.alveus.eu\/es"},{"@type":"ListItem","position":2,"name":"Nosotros","item":"https:\/\/www.alveus.eu\/es\/nosotros"},{"@type":"ListItem","position":3,"name":"Empresa","item":"https:\/\/www.alveus.eu\/es\/nosotros\/empresa"},{"@type":"ListItem","position":4,"name":"Historia"}]},{"@type":"WebSite","@id":"https:\/\/www.alveus.eu\/es#website","url":"https:\/\/www.alveus.eu\/es","name":"Alveus","description":"","publisher":{"@id":"https:\/\/www.alveus.eu\/es#organization"},"potentialAction":[{"@type":"SearchAction","target":{"@type":"EntryPoint","urlTemplate":"https:\/\/www.alveus.eu\/es?s={search_term_string}"},"query-input":{"@type":"PropertyValueSpecification","valueRequired":true,"valueName":"search_term_string"}}],"inLanguage":"es"},{"@type":"Organization","@id":"https:\/\/www.alveus.eu\/es#organization","name":"Alveus","alternateName":"Alveus Premium Teas","url":"https:\/\/www.alveus.eu\/es","logo":{"@type":"ImageObject","inLanguage":"es","@id":"https:\/\/www.alveus.eu\/es#\/schema\/logo\/image\/","url":"https:\/\/www.alveus.eu\/wp-content\/uploads\/2023\/07\/alveus-logo-primary.png","contentUrl":"https:\/\/www.alveus.eu\/wp-content\/uploads\/2023\/07\/alveus-logo-primary.png","width":248,"height":248,"caption":"Alveus"},"image":{"@id":"https:\/\/www.alveus.eu\/es#\/schema\/logo\/image\/"},"sameAs":["https:\/\/www.facebook.com\/alveusinternational\/","https:\/\/www.instagram.com\/alveustea\/","https:\/\/de.linkedin.com\/company\/alveustea"]}]}},"_links":{"self":[{"href":"https:\/\/www.alveus.eu\/es\/wp-json\/wp\/v2\/pages\/11155","targetHints":{"allow":["GET"]}}],"collection":[{"href":"https:\/\/www.alveus.eu\/es\/wp-json\/wp\/v2\/pages"}],"about":[{"href":"https:\/\/www.alveus.eu\/es\/wp-json\/wp\/v2\/types\/page"}],"author":[{"embeddable":true,"href":"https:\/\/www.alveus.eu\/es\/wp-json\/wp\/v2\/users\/4"}],"replies":[{"embeddable":true,"href":"https:\/\/www.alveus.eu\/es\/wp-json\/wp\/v2\/comments?post=11155"}],"version-history":[{"count":4,"href":"https:\/\/www.alveus.eu\/es\/wp-json\/wp\/v2\/pages\/11155\/revisions"}],"predecessor-version":[{"id":37846,"href":"https:\/\/www.alveus.eu\/es\/wp-json\/wp\/v2\/pages\/11155\/revisions\/37846"}],"up":[{"embeddable":true,"href":"https:\/\/www.alveus.eu\/es\/wp-json\/wp\/v2\/pages\/29218"}],"wp:featuredmedia":[{"embeddable":true,"href":"https:\/\/www.alveus.eu\/es\/wp-json\/wp\/v2\/media\/8781"}],"wp:attachment":[{"href":"https:\/\/www.alveus.eu\/es\/wp-json\/wp\/v2\/media?parent=11155"}],"curies":[{"name":"wp","href":"https:\/\/api.w.org\/{rel}","templated":true}]}}