{"id":8628,"date":"2023-06-19T14:24:49","date_gmt":"2023-06-19T12:24:49","guid":{"rendered":"https:\/\/www.alveus.eu\/privacy-policy\/"},"modified":"2023-07-31T15:43:39","modified_gmt":"2023-07-31T14:43:39","slug":"politica-privacidad","status":"publish","type":"page","link":"https:\/\/www.alveus.eu\/es\/politica-privacidad","title":{"rendered":"Pol\u00edtica de Privacidad"},"content":{"rendered":"\t\t<div data-elementor-type=\"wp-page\" data-elementor-id=\"8628\" class=\"elementor elementor-8628 elementor-3\" data-elementor-post-type=\"page\">\n\t\t\t\t<div class=\"elementor-element elementor-element-f71ce1f e-flex e-con-boxed e-con e-parent\" data-id=\"f71ce1f\" data-element_type=\"container\" data-e-type=\"container\">\n\t\t\t\t\t<div class=\"e-con-inner\">\n\t\t\t\t<div class=\"elementor-element elementor-element-a135bee elementor-widget elementor-widget-heading\" data-id=\"a135bee\" data-element_type=\"widget\" data-e-type=\"widget\" data-widget_type=\"heading.default\">\n\t\t\t\t<div class=\"elementor-widget-container\">\n\t\t\t\t\t<h1 class=\"elementor-heading-title elementor-size-default\"><strong>Pol\u00edtica de Privacidad<\/strong><\/h1>\t\t\t\t<\/div>\n\t\t\t\t<\/div>\n\t\t\t\t<div class=\"elementor-element elementor-element-75d2db6 elementor-widget elementor-widget-text-editor\" data-id=\"75d2db6\" data-element_type=\"widget\" data-e-type=\"widget\" data-widget_type=\"text-editor.default\">\n\t\t\t\t<div class=\"elementor-widget-container\">\n\t\t\t\t\t\t\t\t\t<h4><strong style=\"color: var( --e-global-color-text ); font-family: var( --e-global-typography-text-font-family ), Sans-serif; font-size: var( --e-global-typography-text-font-size ); letter-spacing: var( --e-global-typography-text-letter-spacing ); text-align: var(--text-align);\">1. Declaraci\u00f3n de protecci\u00f3n de datos<\/strong><\/h4><p>A menos que se indique lo contrario, no se exige por ley o por contrato que se faciliten sus datos personales, ni estos son necesarios para la celebraci\u00f3n de un contrato. No est\u00e1 obligado a proporcionar los datos. El hecho de no facilitar sus datos personales, no tendr\u00e1 consecuencias de ning\u00fan tipo. Esto solo se aplica en la medida en que no se indique lo contrario en las operaciones de procesamiento posteriores.<\/p><p>\u00abDatos personales\u00bb: cualquier informaci\u00f3n relativa a una persona f\u00edsica identificada o identificable.<\/p><p><strong>1.1 Archivos de registro del servidor<\/strong><\/p><p>Puede visitar nuestros sitios web sin proporcionar ninguna informaci\u00f3n personal.<\/p><p>Cada vez que accede a nuestro sitio web, su navegador de internet nos transmite datos de uso a nosotros o a nuestro proveedor de servicios inform\u00e1ticos y los almacena en datos de registro (los llamados archivos de registro del servidor). Estos datos almacenados incluyen, por ejemplo, el nombre de la p\u00e1gina a la que se ha accedido, la fecha y la hora de acceso, la direcci\u00f3n IP, la cantidad de datos transferidos y el proveedor que realiza la solicitud. El tratamiento se lleva a cabo en virtud del art. 6 p\u00e1rrafo 1 f) del RGPD debido a nuestro inter\u00e9s leg\u00edtimo predominante en garantizar el funcionamiento \u00f3ptimo de nuestro sitio web, as\u00ed como para la mejora de nuestra oferta.<\/p><p>Sus datos ser\u00e1n transferidos a Canad\u00e1, entre otros pa\u00edses. La Comisi\u00f3n Europea ha emitido una decisi\u00f3n de adecuaci\u00f3n para las transmisiones de datos a Canad\u00e1.<\/p><p><strong>2. Datos de contacto<\/strong><\/p><p>Responsable\/encargado de protecci\u00f3n de datos<\/p><p>Si lo desea, puede ponerse en contacto con nosotros. Los datos de contacto del responsable del tratamiento de los datos se encuentran en nuestro aviso legal.<\/p><p>Puede ponerse en contacto directamente con nuestro responsable de la protecci\u00f3n de datos escribi\u00e9ndole un correo a: <a href=\"mailto:datenschutz@alveus.eu\" target=\"_blank\" rel=\"noopener\">datenschutz@alveus.eu<\/a><\/p><p><strong>Contacto del cliente por correo electr\u00f3nico por iniciativa propia<\/strong><\/p><p>Si usted inicia el contacto comercial con nosotros por correo electr\u00f3nico, recopilaremos sus datos personales (nombre, direcci\u00f3n de correo electr\u00f3nico, texto del mensaje) \u00fanicamente en la medida en que los haya proporcionado. El tratamiento de los datos tiene como finalidad gestionar y responder a su solicitud de contacto.<\/p><p>Si el contacto se realiza con el fin de llevar a cabo medidas precontractuales (como asesoramiento en caso de inter\u00e9s de compra, preparaci\u00f3n de una oferta) o se trata de un contrato ya concluido entre usted y nosotros, este tratamiento de datos se lleva a cabo en virtud del art. 6 p\u00e1rr. 1 b) del RGPD.<\/p><p>Si el contacto se realiza por otros motivos, este tratamiento de datos se lleva a cabo en virtud del art. 6, p\u00e1rr. 1 f) del RGPD debido a nuestro inter\u00e9s leg\u00edtimo predominante en procesar y responder a su consulta. En este caso, tiene derecho a oponerse en cualquier momento al tratamiento de sus datos personales sobre la base del art. 6, p\u00e1rr. 1 f) del RGPD por motivos relacionados con su situaci\u00f3n particular.<\/p><p>Solo utilizaremos su direcci\u00f3n de correo electr\u00f3nico para procesar su solicitud. A continuaci\u00f3n, sus datos se eliminar\u00e1n de acuerdo con los periodos de conservaci\u00f3n legales, a menos que usted haya dado su consentimiento para que se sigan conservando y utilizando.<\/p><p><strong>Recopilaci\u00f3n y tratamiento al utilizar el formulario de contacto<\/strong><\/p><p>Al utilizar el formulario de contacto, recopilaremos sus datos personales (nombre, direcci\u00f3n de correo electr\u00f3nico, texto del mensaje) \u00fanicamente en la medida en que los haya proporcionado. El tratamiento de los datos tiene como finalidad ponernos en contacto con usted.<\/p><p>Si el contacto se realiza con el fin de llevar a cabo medidas precontractuales (como asesoramiento en caso de inter\u00e9s de compra, preparaci\u00f3n de una oferta) o se trata de un contrato ya concluido entre usted y nosotros, este tratamiento de datos se lleva a cabo en virtud del art. 6 p\u00e1rr. 1 b) del RGPD.<\/p><p>Si el contacto se realiza por otros motivos, este tratamiento de datos se lleva a cabo en virtud del art. 6, p\u00e1rr. 1 f) del RGPD debido a nuestro inter\u00e9s leg\u00edtimo predominante en procesar y responder a su consulta. En este caso, tiene derecho a oponerse en cualquier momento al tratamiento de sus datos personales sobre la base del art. 6, p\u00e1rr. 1 f) del RGPD por motivos relacionados con su situaci\u00f3n particular.<\/p><p>Solo utilizaremos su direcci\u00f3n de correo electr\u00f3nico para procesar su solicitud. A continuaci\u00f3n, sus datos se eliminar\u00e1n de acuerdo con los periodos de conservaci\u00f3n legales, a menos que usted haya dado su consentimiento para que se sigan conservando y utilizando.<\/p><p><strong>3. Pedidos de cuentas de clientes<\/strong><\/p><p><strong>Cuenta de cliente<\/strong><\/p><p>Al abrir una cuenta de cliente, recopilamos sus datos personales en la medida especificada en la misma. La finalidad del tratamiento de datos es mejorar su experiencia de compra y simplificar la tramitaci\u00f3n del pedido. El tratamiento en este caso se basa en el art. 6, p\u00e1rr. 1 a) del RGPD siempre y cuando usted d\u00e9 su consentimiento. Puede revocar su consentimiento en cualquier momento notific\u00e1ndonoslo, sin que ello afecte a la legalidad del tratamiento realizado sobre la base de su consentimiento hasta la revocaci\u00f3n del mismo. Acto seguido se proceder\u00e1 a borrar su cuenta de cliente.<\/p><p><strong>Recopilaci\u00f3n, procesamiento y transmisi\u00f3n de datos personales para los pedidos<\/strong><\/p><p>Cuando usted realiza un pedido, recopilamos y procesamos sus datos personales \u00fanicamente en la medida en que sea necesario para el cumplimiento y la tramitaci\u00f3n de su pedido y para atender sus consultas. El suministro de los datos es necesario para la formalizaci\u00f3n del contrato. Si no nos suministra estos datos, no se formalizar\u00e1 el contrato. El tratamiento se fundamenta en el art. 6 p\u00e1rrafo 1 b) del RGPD y es necesario para la celebraci\u00f3n de un contrato con usted.<\/p><p>Sus datos se transmiten, por ejemplo, a las empresas de env\u00edo y a los proveedores de dropshipping que haya elegido, a los proveedores de servicios de pago, a los proveedores de servicios para la tramitaci\u00f3n de pedidos y a los proveedores de servicios inform\u00e1ticos. En todos los casos, cumplimos estrictamente los requisitos legales. El \u00e1mbito de la transmisi\u00f3n de datos se limita al m\u00ednimo imprescindible. Sus datos ser\u00e1n transferidos a Canad\u00e1, entre otros pa\u00edses. La Comisi\u00f3n Europea ha emitido una decisi\u00f3n de adecuaci\u00f3n para las transmisiones de datos a Canad\u00e1.<\/p><p><strong>4. Publicidad<\/strong><\/p><p><strong>Utilizaci\u00f3n de sus datos personales para el env\u00edo de publicidad a su direcci\u00f3n postal<\/strong><\/p><p>Utilizamos sus datos personales (nombre, direcci\u00f3n), que hemos recibido en el contexto de la venta de un producto o servicio, para enviarle publicidad a su direcci\u00f3n postal, a menos que usted se haya opuesto a este uso. El suministro de estos datos es necesario para la formalizaci\u00f3n del contrato. Si no nos suministra estos datos, no se formalizar\u00e1 el contrato.<br \/>El tratamiento se lleva a cabo en virtud del art. 6 p\u00e1rrafo 1 f) del RGPD debido a nuestro inter\u00e9s leg\u00edtimo predominante en realizar acciones de marketing directo. Puede oponerse a este uso de sus datos de direcci\u00f3n en cualquier momento previa notificaci\u00f3n. Los datos de contacto para ejercer la oposici\u00f3n se encuentran en el aviso legal.<\/p><p>Uso de la direcci\u00f3n de correo electr\u00f3nico para el env\u00edo de boletines<\/p><p>Utilizaremos su direcci\u00f3n de correo electr\u00f3nico, independientemente de la formalizaci\u00f3n del contrato, exclusivamente para nuestros propios fines publicitarios, para el env\u00edo de nuestro bolet\u00edn de noticias, siempre que usted haya dado su consentimiento expreso. El tratamiento en este caso se basa en el art. 6, p\u00e1rr. 1 a) del RGPD siempre y cuando usted d\u00e9 su consentimiento. Puede revocar su consentimiento en cualquier momento, sin que ello afecte a la legalidad del tratamiento realizado sobre la base de su consentimiento hasta la revocaci\u00f3n del mismo. Puede darse de baja del bolet\u00edn en cualquier momento utilizando el enlace correspondiente en el bolet\u00edn o notific\u00e1ndonoslo. Su direcci\u00f3n de correo electr\u00f3nico se eliminar\u00e1 a continuaci\u00f3n de la lista de distribuci\u00f3n.<\/p><p><strong>Uso del n\u00famero de tel\u00e9fono m\u00f3vil para el env\u00edo de SMS publicitarios<\/strong><\/p><p>Utilizaremos su n\u00famero de tel\u00e9fono m\u00f3vil, independientemente de la formalizaci\u00f3n del contrato, exclusivamente para nuestros propios fines publicitarios, para el env\u00edo de publicidad por SMS, siempre que usted haya dado su consentimiento expreso.<\/p><p>El tratamiento en este caso se basa en el art. 6, p\u00e1rr. 1 a) del RGPD siempre y cuando usted d\u00e9 su consentimiento. Puede revocar su consentimiento en cualquier momento notific\u00e1ndonoslo, sin que ello afecte a la legalidad del tratamiento realizado sobre la base de su consentimiento hasta la revocaci\u00f3n del mismo. Su n\u00famero de tel\u00e9fono m\u00f3vil se eliminar\u00e1 a continuaci\u00f3n de la lista de distribuci\u00f3n.<\/p><p><strong>5. Proveedor de servicios de env\u00edo y gesti\u00f3n de mercanc\u00edas<\/strong><\/p><p>Transmisi\u00f3n de la direcci\u00f3n de correo electr\u00f3nico a la empresa de transporte para obtener informaci\u00f3n sobre el estado del env\u00edo Remitimos su direcci\u00f3n de correo electr\u00f3nico a la empresa de transporte como parte de la tramitaci\u00f3n del contrato, siempre que usted lo haya aceptado expresamente en el proceso de formalizaci\u00f3n del pedido. El objetivo de esta comunicaci\u00f3n de sus datos es poder informarle por correo electr\u00f3nico sobre el estado del env\u00edo. El tratamiento en este caso se basa en el art. 6, p\u00e1rr. 1 a) del RGPD siempre y cuando usted d\u00e9 su consentimiento. Puede revocar su consentimiento en cualquier momento notific\u00e1ndonoslo a nosotros o a la empresa de transporte, sin que ello afecte a la legalidad del tratamiento realizado sobre la base de su consentimiento hasta la revocaci\u00f3n del mismo.<\/p><p>Utilizaci\u00f3n de un sistema externo de gesti\u00f3n de mercanc\u00edas Utilizamos un sistema de gesti\u00f3n de mercanc\u00edas para la tramitaci\u00f3n de contratos como parte de la tramitaci\u00f3n de pedidos. Para ello, se transmitir\u00e1n sus datos personales recopilados en el marco del pedido a la direcci\u00f3n 150 Elgin Street 8th Floor Ottawa, ON K2P 1L4 (Canad\u00e1).<\/p><p><strong>6. Proveedores de servicios de pago<\/strong><\/p><p><strong>Uso de PayPal<\/strong><\/p><p>Todas las transacciones a trav\u00e9s de PayPal est\u00e1n sujetas a la pol\u00edtica de privacidad de PayPal. Puede consultarla en<\/p><p><a href=\"https:\/\/www.paypal.com\/webapps\/mpp\/ua\/privacy-full\" target=\"_blank\" rel=\"noopener\">https:\/\/www.paypal.com\/webapps\/mpp\/ua\/privacy-full<\/a><\/p><p>Uso de datos personales al seleccionar las opciones de pago de Klarna Para poder ofrecerle las opciones de pago de Klarna, transmitiremos a Klarna datos personales, como datos de contacto y datos del pedido. Esto permitir\u00e1 a Klarna evaluar si usted es adecuado para las opciones de pago que se ofrecen a trav\u00e9s de Klarna y adaptar las opciones de pago a sus necesidades. Encontrar\u00e1 m\u00e1s informaci\u00f3n sobre Klarna en el siguiente :<\/p><p><a href=\"https:\/\/www.klarna.com\/international\/\" target=\"_blank\" rel=\"noopener\">https:\/\/www.klarna.com\/international\/<\/a><\/p><p>Klarna tratar\u00e1 su informaci\u00f3n personal de acuerdo con las leyes de protecci\u00f3n de datos aplicables y seg\u00fan lo establecido en la pol\u00edtica de privacidad de Klarna<\/p><p><a href=\"https:\/\/cdn.klarna.com\/1.0\/shared\/content\/legal\/terms\/0\/de_de\/privacy\" target=\"_blank\" rel=\"noopener\">https:\/\/cdn.klarna.com\/1.0\/shared\/content\/legal\/terms\/0\/de_de\/privacy<\/a><\/p>\t\t\t\t\t\t\t\t<\/div>\n\t\t\t\t<\/div>\n\t\t\t\t\t<\/div>\n\t\t\t\t<\/div>\n\t\t\t\t<\/div>\n\t\t","protected":false},"excerpt":{"rendered":"<p>Pol\u00edtica de Privacidad 1. Declaraci\u00f3n de protecci\u00f3n de datos A menos que se indique lo contrario, no se exige por ley o por contrato que se faciliten sus datos personales, ni estos son necesarios para la celebraci\u00f3n de un contrato. No est\u00e1 obligado a proporcionar los datos. El hecho de no facilitar sus datos personales, [&hellip;]<\/p>\n","protected":false},"author":1,"featured_media":0,"parent":0,"menu_order":0,"comment_status":"closed","ping_status":"open","template":"","meta":{"_acf_changed":false,"footnotes":""},"class_list":["post-8628","page","type-page","status-publish","hentry"],"acf":[],"yoast_head":"<!-- This site is optimized with the Yoast SEO Premium plugin v27.5 (Yoast SEO v27.5) - https:\/\/yoast.com\/product\/yoast-seo-premium-wordpress\/ -->\n<title>Pol\u00edtica de privacidad | Alveus<\/title>\n<meta name=\"description\" content=\"Pol\u00edtica de privacidad\" \/>\n<meta name=\"robots\" content=\"noindex, nofollow\" \/>\n<meta property=\"og:locale\" content=\"es_ES\" \/>\n<meta property=\"og:type\" content=\"article\" \/>\n<meta property=\"og:title\" content=\"Pol\u00edtica de Privacidad\" \/>\n<meta property=\"og:description\" content=\"Pol\u00edtica de privacidad\" \/>\n<meta property=\"og:url\" content=\"https:\/\/www.alveus.eu\/es\/politica-privacidad\" \/>\n<meta property=\"og:site_name\" content=\"Alveus\" \/>\n<meta property=\"article:publisher\" content=\"https:\/\/www.facebook.com\/alveusinternational\/\" \/>\n<meta property=\"article:modified_time\" content=\"2023-07-31T14:43:39+00:00\" \/>\n<meta name=\"twitter:card\" content=\"summary_large_image\" \/>\n<meta name=\"twitter:label1\" content=\"Tiempo de lectura\" \/>\n\t<meta name=\"twitter:data1\" content=\"8 minutos\" \/>\n<script type=\"application\/ld+json\" class=\"yoast-schema-graph\">{\"@context\":\"https:\\\/\\\/schema.org\",\"@graph\":[{\"@type\":\"WebPage\",\"@id\":\"https:\\\/\\\/www.alveus.eu\\\/es\\\/politica-privacidad\",\"url\":\"https:\\\/\\\/www.alveus.eu\\\/es\\\/politica-privacidad\",\"name\":\"Pol\u00edtica de privacidad | Alveus\",\"isPartOf\":{\"@id\":\"https:\\\/\\\/www.alveus.eu\\\/es#website\"},\"datePublished\":\"2023-06-19T12:24:49+00:00\",\"dateModified\":\"2023-07-31T14:43:39+00:00\",\"description\":\"Pol\u00edtica de privacidad\",\"breadcrumb\":{\"@id\":\"https:\\\/\\\/www.alveus.eu\\\/es\\\/politica-privacidad#breadcrumb\"},\"inLanguage\":\"es\",\"potentialAction\":[{\"@type\":\"ReadAction\",\"target\":[\"https:\\\/\\\/www.alveus.eu\\\/es\\\/politica-privacidad\"]}]},{\"@type\":\"BreadcrumbList\",\"@id\":\"https:\\\/\\\/www.alveus.eu\\\/es\\\/politica-privacidad#breadcrumb\",\"itemListElement\":[{\"@type\":\"ListItem\",\"position\":1,\"name\":\"Home\",\"item\":\"https:\\\/\\\/www.alveus.eu\\\/es\"},{\"@type\":\"ListItem\",\"position\":2,\"name\":\"Pol\u00edtica de Privacidad\"}]},{\"@type\":\"WebSite\",\"@id\":\"https:\\\/\\\/www.alveus.eu\\\/es#website\",\"url\":\"https:\\\/\\\/www.alveus.eu\\\/es\",\"name\":\"Alveus\",\"description\":\"\",\"publisher\":{\"@id\":\"https:\\\/\\\/www.alveus.eu\\\/es#organization\"},\"potentialAction\":[{\"@type\":\"SearchAction\",\"target\":{\"@type\":\"EntryPoint\",\"urlTemplate\":\"https:\\\/\\\/www.alveus.eu\\\/es?s={search_term_string}\"},\"query-input\":{\"@type\":\"PropertyValueSpecification\",\"valueRequired\":true,\"valueName\":\"search_term_string\"}}],\"inLanguage\":\"es\"},{\"@type\":\"Organization\",\"@id\":\"https:\\\/\\\/www.alveus.eu\\\/es#organization\",\"name\":\"Alveus\",\"alternateName\":\"Alveus Premium Teas\",\"url\":\"https:\\\/\\\/www.alveus.eu\\\/es\",\"logo\":{\"@type\":\"ImageObject\",\"inLanguage\":\"es\",\"@id\":\"https:\\\/\\\/www.alveus.eu\\\/es#\\\/schema\\\/logo\\\/image\\\/\",\"url\":\"https:\\\/\\\/www.alveus.eu\\\/wp-content\\\/uploads\\\/2023\\\/07\\\/alveus-logo-primary.png\",\"contentUrl\":\"https:\\\/\\\/www.alveus.eu\\\/wp-content\\\/uploads\\\/2023\\\/07\\\/alveus-logo-primary.png\",\"width\":248,\"height\":248,\"caption\":\"Alveus\"},\"image\":{\"@id\":\"https:\\\/\\\/www.alveus.eu\\\/es#\\\/schema\\\/logo\\\/image\\\/\"},\"sameAs\":[\"https:\\\/\\\/www.facebook.com\\\/alveusinternational\\\/\",\"https:\\\/\\\/www.instagram.com\\\/alveustea\\\/\",\"https:\\\/\\\/de.linkedin.com\\\/company\\\/alveustea\"]}]}<\/script>\n<!-- \/ Yoast SEO Premium plugin. -->","yoast_head_json":{"title":"Pol\u00edtica de privacidad | Alveus","description":"Pol\u00edtica de privacidad","robots":{"index":"noindex","follow":"nofollow"},"og_locale":"es_ES","og_type":"article","og_title":"Pol\u00edtica de Privacidad","og_description":"Pol\u00edtica de privacidad","og_url":"https:\/\/www.alveus.eu\/es\/politica-privacidad","og_site_name":"Alveus","article_publisher":"https:\/\/www.facebook.com\/alveusinternational\/","article_modified_time":"2023-07-31T14:43:39+00:00","twitter_card":"summary_large_image","twitter_misc":{"Tiempo de lectura":"8 minutos"},"schema":{"@context":"https:\/\/schema.org","@graph":[{"@type":"WebPage","@id":"https:\/\/www.alveus.eu\/es\/politica-privacidad","url":"https:\/\/www.alveus.eu\/es\/politica-privacidad","name":"Pol\u00edtica de privacidad | Alveus","isPartOf":{"@id":"https:\/\/www.alveus.eu\/es#website"},"datePublished":"2023-06-19T12:24:49+00:00","dateModified":"2023-07-31T14:43:39+00:00","description":"Pol\u00edtica de privacidad","breadcrumb":{"@id":"https:\/\/www.alveus.eu\/es\/politica-privacidad#breadcrumb"},"inLanguage":"es","potentialAction":[{"@type":"ReadAction","target":["https:\/\/www.alveus.eu\/es\/politica-privacidad"]}]},{"@type":"BreadcrumbList","@id":"https:\/\/www.alveus.eu\/es\/politica-privacidad#breadcrumb","itemListElement":[{"@type":"ListItem","position":1,"name":"Home","item":"https:\/\/www.alveus.eu\/es"},{"@type":"ListItem","position":2,"name":"Pol\u00edtica de Privacidad"}]},{"@type":"WebSite","@id":"https:\/\/www.alveus.eu\/es#website","url":"https:\/\/www.alveus.eu\/es","name":"Alveus","description":"","publisher":{"@id":"https:\/\/www.alveus.eu\/es#organization"},"potentialAction":[{"@type":"SearchAction","target":{"@type":"EntryPoint","urlTemplate":"https:\/\/www.alveus.eu\/es?s={search_term_string}"},"query-input":{"@type":"PropertyValueSpecification","valueRequired":true,"valueName":"search_term_string"}}],"inLanguage":"es"},{"@type":"Organization","@id":"https:\/\/www.alveus.eu\/es#organization","name":"Alveus","alternateName":"Alveus Premium Teas","url":"https:\/\/www.alveus.eu\/es","logo":{"@type":"ImageObject","inLanguage":"es","@id":"https:\/\/www.alveus.eu\/es#\/schema\/logo\/image\/","url":"https:\/\/www.alveus.eu\/wp-content\/uploads\/2023\/07\/alveus-logo-primary.png","contentUrl":"https:\/\/www.alveus.eu\/wp-content\/uploads\/2023\/07\/alveus-logo-primary.png","width":248,"height":248,"caption":"Alveus"},"image":{"@id":"https:\/\/www.alveus.eu\/es#\/schema\/logo\/image\/"},"sameAs":["https:\/\/www.facebook.com\/alveusinternational\/","https:\/\/www.instagram.com\/alveustea\/","https:\/\/de.linkedin.com\/company\/alveustea"]}]}},"_links":{"self":[{"href":"https:\/\/www.alveus.eu\/es\/wp-json\/wp\/v2\/pages\/8628","targetHints":{"allow":["GET"]}}],"collection":[{"href":"https:\/\/www.alveus.eu\/es\/wp-json\/wp\/v2\/pages"}],"about":[{"href":"https:\/\/www.alveus.eu\/es\/wp-json\/wp\/v2\/types\/page"}],"author":[{"embeddable":true,"href":"https:\/\/www.alveus.eu\/es\/wp-json\/wp\/v2\/users\/1"}],"replies":[{"embeddable":true,"href":"https:\/\/www.alveus.eu\/es\/wp-json\/wp\/v2\/comments?post=8628"}],"version-history":[{"count":0,"href":"https:\/\/www.alveus.eu\/es\/wp-json\/wp\/v2\/pages\/8628\/revisions"}],"wp:attachment":[{"href":"https:\/\/www.alveus.eu\/es\/wp-json\/wp\/v2\/media?parent=8628"}],"curies":[{"name":"wp","href":"https:\/\/api.w.org\/{rel}","templated":true}]}}