{"id":11233,"date":"2023-07-20T12:29:38","date_gmt":"2023-07-20T11:29:38","guid":{"rendered":"https:\/\/www.alveus.eu\/qui-sommes-nous\/history\/"},"modified":"2024-10-17T12:29:49","modified_gmt":"2024-10-17T11:29:49","slug":"notre-histoire","status":"publish","type":"page","link":"https:\/\/www.alveus.eu\/fr\/a-propos\/entreprise\/notre-histoire","title":{"rendered":"Notre histoire"},"content":{"rendered":"\t\t<div data-elementor-type=\"wp-page\" data-elementor-id=\"11233\" class=\"elementor elementor-11233 elementor-6507\" data-elementor-post-type=\"page\">\n\t\t\t\t<div class=\"elementor-element elementor-element-22f7bab e-flex e-con-boxed e-con e-parent\" data-id=\"22f7bab\" data-element_type=\"container\" data-e-type=\"container\">\n\t\t\t\t\t<div class=\"e-con-inner\">\n\t\t\t\t<div class=\"elementor-element elementor-element-9d444e7 elementor-widget elementor-widget-heading\" data-id=\"9d444e7\" data-element_type=\"widget\" data-e-type=\"widget\" data-widget_type=\"heading.default\">\n\t\t\t\t<div class=\"elementor-widget-container\">\n\t\t\t\t\t<h1 class=\"elementor-heading-title elementor-size-default\">Passion et avant-garde dans le monde du th\u00e9\n<\/h1>\t\t\t\t<\/div>\n\t\t\t\t<\/div>\n\t\t<div class=\"elementor-element elementor-element-5673089 e-con-full e-flex e-con e-child\" data-id=\"5673089\" data-element_type=\"container\" data-e-type=\"container\">\n\t\t<div class=\"elementor-element elementor-element-121e06d e-con-full e-flex e-con e-child\" data-id=\"121e06d\" data-element_type=\"container\" data-e-type=\"container\" data-settings=\"{&quot;background_background&quot;:&quot;classic&quot;}\">\n\t\t\t\t<div class=\"elementor-element elementor-element-9ccc3a3 elementor-widget__width-initial elementor-widget elementor-widget-text-editor\" data-id=\"9ccc3a3\" data-element_type=\"widget\" data-e-type=\"widget\" data-widget_type=\"text-editor.default\">\n\t\t\t\t<div class=\"elementor-widget-container\">\n\t\t\t\t\t\t\t\t\t<p><strong>Plongez dans ce parcours fascinant qui a fait de nous ce que nous sommes aujourd&rsquo;hui : une r\u00e9f\u00e9rence dans le monde du th\u00e9.<\/strong><\/p><p><span style=\"font-weight: 400;\">De nos humbles d\u00e9buts \u00e0 la place pr\u00e9pond\u00e9rante que nous occupons aujourd&rsquo;hui dans l&rsquo;industrie du th\u00e9, notre histoire est marqu\u00e9e par une <strong>passion in\u00e9branlable pour le th\u00e9 et un esprit pionnier<\/strong> qui nous pousse \u00e0 repousser les limites de la tradition.<\/span><\/p><p><span style=\"font-weight: 400;\">Tout a commenc\u00e9 par une vision claire : moderniser et \u00e9lever le niveau d&rsquo;excellence de la production et de la commercialisation du th\u00e9. Avec un d\u00e9vouement sans pareil et une qu\u00eate constante de la perfection, nous nous sommes lanc\u00e9s dans le d\u00e9fi de fournir non seulement des produits exceptionnels, mais aussi une exp\u00e9rience unique \u00e0 nos clients.<\/span><\/p>\t\t\t\t\t\t\t\t<\/div>\n\t\t\t\t<\/div>\n\t\t\t\t<\/div>\n\t\t<div class=\"elementor-element elementor-element-ec2b364 e-con-full e-flex e-con e-child\" data-id=\"ec2b364\" data-element_type=\"container\" data-e-type=\"container\">\n\t\t\t\t<div class=\"elementor-element elementor-element-9506905 img-h-100 elementor-widget elementor-widget-image\" data-id=\"9506905\" data-element_type=\"widget\" data-e-type=\"widget\" data-widget_type=\"image.default\">\n\t\t\t\t<div class=\"elementor-widget-container\">\n\t\t\t\t\t\t\t\t\t\t\t\t\t\t\t<img fetchpriority=\"high\" decoding=\"async\" width=\"553\" height=\"480\" src=\"https:\/\/www.alveus.eu\/wp-content\/uploads\/tea-world.jpg\" class=\"attachment-full size-full wp-image-8784\" alt=\"\" srcset=\"https:\/\/www.alveus.eu\/wp-content\/uploads\/tea-world.jpg 553w, https:\/\/www.alveus.eu\/wp-content\/uploads\/tea-world-300x260.jpg 300w\" sizes=\"(max-width: 553px) 100vw, 553px\" \/>\t\t\t\t\t\t\t\t\t\t\t\t\t\t\t<\/div>\n\t\t\t\t<\/div>\n\t\t\t\t<\/div>\n\t\t\t\t<\/div>\n\t\t<div class=\"elementor-element elementor-element-504ac56 e-con-full e-flex e-con e-child\" data-id=\"504ac56\" data-element_type=\"container\" data-e-type=\"container\">\n\t\t<div class=\"elementor-element elementor-element-bec2591 e-con-full e-flex e-con e-child\" data-id=\"bec2591\" data-element_type=\"container\" data-e-type=\"container\">\n\t\t\t\t<div class=\"elementor-element elementor-element-055217d img-h-100 elementor-widget elementor-widget-image\" data-id=\"055217d\" data-element_type=\"widget\" data-e-type=\"widget\" data-widget_type=\"image.default\">\n\t\t\t\t<div class=\"elementor-widget-container\">\n\t\t\t\t\t\t\t\t\t\t\t\t\t\t\t<img decoding=\"async\" width=\"650\" height=\"618\" src=\"https:\/\/www.alveus.eu\/wp-content\/uploads\/earlyyears-1.jpg\" class=\"attachment-full size-full wp-image-8772\" alt=\"\" srcset=\"https:\/\/www.alveus.eu\/wp-content\/uploads\/earlyyears-1.jpg 650w, https:\/\/www.alveus.eu\/wp-content\/uploads\/earlyyears-1-300x285.jpg 300w\" sizes=\"(max-width: 650px) 100vw, 650px\" \/>\t\t\t\t\t\t\t\t\t\t\t\t\t\t\t<\/div>\n\t\t\t\t<\/div>\n\t\t\t\t<\/div>\n\t\t<div class=\"elementor-element elementor-element-4c0181e e-con-full e-flex e-con e-child\" data-id=\"4c0181e\" data-element_type=\"container\" data-e-type=\"container\" data-settings=\"{&quot;background_background&quot;:&quot;classic&quot;}\">\n\t\t\t\t<div class=\"elementor-element elementor-element-4eda0c0 elementor-widget__width-initial elementor-widget elementor-widget-text-editor\" data-id=\"4eda0c0\" data-element_type=\"widget\" data-e-type=\"widget\" data-widget_type=\"text-editor.default\">\n\t\t\t\t<div class=\"elementor-widget-container\">\n\t\t\t\t\t\t\t\t\t<p><span style=\"font-weight: 400;\">Au fil des ann\u00e9es, nous avons relev\u00e9 des d\u00e9fis et c\u00e9l\u00e9br\u00e9 des victoires, mais notre engagement en faveur de la qualit\u00e9 et de l&rsquo;innovation n&rsquo;a jamais faibli. Aujourd&rsquo;hui, alors que nous nous rem\u00e9morons le chemin parcouru, nous sommes remplis de gratitude pour le soutien de nos clients, des membres d\u00e9vou\u00e9s de notre \u00e9quipe et de nos pr\u00e9cieux partenaires. Leur enthousiasme et leurs encouragements ont contribu\u00e9 \u00e0 faire d&rsquo;Alveus la marque qu&rsquo;elle est aujourd&rsquo;hui :<\/span> <strong>synonyme d&rsquo;innovation, de qualit\u00e9 et d&rsquo;engagement en faveur de l&rsquo;excellence<\/strong>.<\/p><p><span style=\"font-weight: 400;\">Nous sommes plus qu&rsquo;une entreprise de th\u00e9<\/span> ; <strong>nous sommes des pionniers et nous remodelons le paysage d&rsquo;une industrie ancestrale.\u00a0<\/strong><\/p><p><span style=\"font-weight: 400;\">Nous vous invitons \u00e0 nous rejoindre dans cette aventure passionnante tandis que nous explorons de nouvelles saveurs, repoussons les limites de la cr\u00e9ativit\u00e9 et nous effor\u00e7ons de faire de chaque th\u00e9 une exp\u00e9rience inoubliable pour vos clients.<\/span><span style=\"font-weight: 400;\">\u00a0<\/span><\/p><p><strong>Merci de faire partie de notre histoire.<\/strong><\/p>\t\t\t\t\t\t\t\t<\/div>\n\t\t\t\t<\/div>\n\t\t\t\t<\/div>\n\t\t\t\t<\/div>\n\t\t<div class=\"elementor-element elementor-element-40a38f8 e-con-full e-flex e-con e-child\" data-id=\"40a38f8\" data-element_type=\"container\" data-e-type=\"container\">\n\t\t<div class=\"elementor-element elementor-element-f5c681b e-con-full e-flex e-con e-child\" data-id=\"f5c681b\" data-element_type=\"container\" data-e-type=\"container\" data-settings=\"{&quot;background_background&quot;:&quot;classic&quot;}\">\n\t\t\t\t<div class=\"elementor-element elementor-element-edee8ab elementor-widget__width-initial elementor-widget elementor-widget-text-editor\" data-id=\"edee8ab\" data-element_type=\"widget\" data-e-type=\"widget\" data-widget_type=\"text-editor.default\">\n\t\t\t\t<div class=\"elementor-widget-container\">\n\t\t\t\t\t\t\t\t\t<p><strong>Des m\u00e9langes fait avec amour, d\u00e9couvrez les meilleurs m\u00e9langes du monde entre vos mains.<\/strong><\/p><p>Pour nous, le th\u00e9 n&rsquo;est pas seulement une boisson, c&rsquo;est une passion. Une culture, un moment unique et in\u00e9galable de d\u00e9tente et de r\u00e9flexion. C&rsquo;est une approche de la vie en g\u00e9n\u00e9ral et c&rsquo;est aussi le respect de la nature. Le biologique et le naturel comme mode de vie.<\/p><p>Nous connaissons le th\u00e9 et les infusions parce que nous avons une longue exp\u00e9rience, parce que nous sommes inspir\u00e9s par la cr\u00e9ation de nouvelles recettes, parce que nous voulons maintenir le plus grand catalogue du monde en perp\u00e9tuelle \u00e9volution. Notre enthousiasme se construit jour apr\u00e8s jour, avec vos id\u00e9es et notre passion commune pour le th\u00e9.<\/p>\t\t\t\t\t\t\t\t<\/div>\n\t\t\t\t<\/div>\n\t\t\t\t<\/div>\n\t\t<div class=\"elementor-element elementor-element-174ec01 e-con-full e-flex e-con e-child\" data-id=\"174ec01\" data-element_type=\"container\" data-e-type=\"container\">\n\t\t\t\t<div class=\"elementor-element elementor-element-d9e2c84 img-h-100 elementor-widget elementor-widget-image\" data-id=\"d9e2c84\" data-element_type=\"widget\" data-e-type=\"widget\" data-widget_type=\"image.default\">\n\t\t\t\t<div class=\"elementor-widget-container\">\n\t\t\t\t\t\t\t\t\t\t\t\t\t\t\t<img decoding=\"async\" width=\"565\" height=\"546\" src=\"https:\/\/www.alveus.eu\/wp-content\/uploads\/commercial-partner.jpg\" class=\"attachment-full size-full wp-image-8766\" alt=\"\" srcset=\"https:\/\/www.alveus.eu\/wp-content\/uploads\/commercial-partner.jpg 565w, https:\/\/www.alveus.eu\/wp-content\/uploads\/commercial-partner-300x290.jpg 300w\" sizes=\"(max-width: 565px) 100vw, 565px\" \/>\t\t\t\t\t\t\t\t\t\t\t\t\t\t\t<\/div>\n\t\t\t\t<\/div>\n\t\t\t\t<\/div>\n\t\t\t\t<\/div>\n\t\t\t\t\t<\/div>\n\t\t\t\t<\/div>\n\t\t<div class=\"elementor-element elementor-element-27979f3 e-flex e-con-boxed e-con e-parent\" data-id=\"27979f3\" data-element_type=\"container\" data-e-type=\"container\" data-settings=\"{&quot;background_background&quot;:&quot;classic&quot;}\">\n\t\t\t\t\t<div class=\"e-con-inner\">\n\t\t\t\t<div class=\"elementor-element elementor-element-03241e5 elementor-widget elementor-widget-heading\" data-id=\"03241e5\" data-element_type=\"widget\" data-e-type=\"widget\" data-widget_type=\"heading.default\">\n\t\t\t\t<div class=\"elementor-widget-container\">\n\t\t\t\t\t<h2 class=\"elementor-heading-title elementor-size-default\"><strong>Consultez-nous en savoir plus sur nous !<\/strong><\/h2>\t\t\t\t<\/div>\n\t\t\t\t<\/div>\n\t\t\t\t<div class=\"elementor-element elementor-element-46f8aa3 elementor-align-center elementor-widget elementor-widget-button\" data-id=\"46f8aa3\" data-element_type=\"widget\" data-e-type=\"widget\" data-widget_type=\"button.default\">\n\t\t\t\t<div class=\"elementor-widget-container\">\n\t\t\t\t\t\t\t\t\t<div class=\"elementor-button-wrapper\">\n\t\t\t\t\t<a class=\"elementor-button elementor-button-link elementor-size-md\" href=\"#request-catalogue\">\n\t\t\t\t\t\t<span class=\"elementor-button-content-wrapper\">\n\t\t\t\t\t\t\t\t\t<span class=\"elementor-button-text\">CONTACTEZ ALVEUS !<\/span>\n\t\t\t\t\t<\/span>\n\t\t\t\t\t<\/a>\n\t\t\t\t<\/div>\n\t\t\t\t\t\t\t\t<\/div>\n\t\t\t\t<\/div>\n\t\t\t\t\t<\/div>\n\t\t\t\t<\/div>\n\t\t\t\t<\/div>\n\t\t","protected":false},"excerpt":{"rendered":"<p>Passion et avant-garde dans le monde du th\u00e9 Plongez dans ce parcours fascinant qui a fait de nous ce que nous sommes aujourd&rsquo;hui : une r\u00e9f\u00e9rence dans le monde du th\u00e9. De nos humbles d\u00e9buts \u00e0 la place pr\u00e9pond\u00e9rante que nous occupons aujourd&rsquo;hui dans l&rsquo;industrie du th\u00e9, notre histoire est marqu\u00e9e par une passion in\u00e9branlable [&hellip;]<\/p>\n","protected":false},"author":4,"featured_media":8778,"parent":29253,"menu_order":0,"comment_status":"closed","ping_status":"closed","template":"","meta":{"_acf_changed":false,"footnotes":""},"class_list":["post-11233","page","type-page","status-publish","has-post-thumbnail","hentry"],"acf":[],"yoast_head":"<!-- This site is optimized with the Yoast SEO Premium plugin v27.5 (Yoast SEO v27.5) - https:\/\/yoast.com\/product\/yoast-seo-premium-wordpress\/ -->\n<title>D\u00e9couvrez notre histoire | Alveus<\/title>\n<meta name=\"description\" content=\"Explorez l&#039;histoire de notre entreprise de th\u00e9 et son succ\u00e8s. D\u00e9couvrez notre passion pour le th\u00e9 et notre engagement \u00e0 offrir l&#039;excellence.\" \/>\n<meta name=\"robots\" content=\"index, follow, max-snippet:-1, max-image-preview:large, max-video-preview:-1\" \/>\n<link rel=\"canonical\" href=\"https:\/\/www.alveus.eu\/fr\/a-propos\/entreprise\/notre-histoire\" \/>\n<meta property=\"og:locale\" content=\"fr_FR\" \/>\n<meta property=\"og:type\" content=\"article\" \/>\n<meta property=\"og:title\" content=\"Notre histoire\" \/>\n<meta property=\"og:description\" content=\"Explorez l&#039;histoire de notre entreprise de th\u00e9 et son succ\u00e8s. D\u00e9couvrez notre passion pour le th\u00e9 et notre engagement \u00e0 offrir l&#039;excellence.\" \/>\n<meta property=\"og:url\" content=\"https:\/\/www.alveus.eu\/fr\/a-propos\/entreprise\/notre-histoire\" \/>\n<meta property=\"og:site_name\" content=\"Alveus\" \/>\n<meta property=\"article:publisher\" content=\"https:\/\/www.facebook.com\/alveusinternational\/\" \/>\n<meta property=\"article:modified_time\" content=\"2024-10-17T11:29:49+00:00\" \/>\n<meta property=\"og:image\" content=\"https:\/\/www.alveus.eu\/wp-content\/uploads\/hero-history.jpg\" \/>\n\t<meta property=\"og:image:width\" content=\"1920\" \/>\n\t<meta property=\"og:image:height\" content=\"480\" \/>\n\t<meta property=\"og:image:type\" content=\"image\/jpeg\" \/>\n<meta name=\"twitter:card\" content=\"summary_large_image\" \/>\n<meta name=\"twitter:label1\" content=\"Dur\u00e9e de lecture estim\u00e9e\" \/>\n\t<meta name=\"twitter:data1\" content=\"3 minutes\" \/>\n<script type=\"application\/ld+json\" class=\"yoast-schema-graph\">{\"@context\":\"https:\\\/\\\/schema.org\",\"@graph\":[{\"@type\":\"WebPage\",\"@id\":\"https:\\\/\\\/www.alveus.eu\\\/fr\\\/a-propos\\\/entreprise\\\/notre-histoire\",\"url\":\"https:\\\/\\\/www.alveus.eu\\\/fr\\\/a-propos\\\/entreprise\\\/notre-histoire\",\"name\":\"D\u00e9couvrez notre histoire | Alveus\",\"isPartOf\":{\"@id\":\"https:\\\/\\\/www.alveus.eu\\\/fr#website\"},\"primaryImageOfPage\":{\"@id\":\"https:\\\/\\\/www.alveus.eu\\\/fr\\\/a-propos\\\/entreprise\\\/notre-histoire#primaryimage\"},\"image\":{\"@id\":\"https:\\\/\\\/www.alveus.eu\\\/fr\\\/a-propos\\\/entreprise\\\/notre-histoire#primaryimage\"},\"thumbnailUrl\":\"https:\\\/\\\/www.alveus.eu\\\/wp-content\\\/uploads\\\/hero-history.jpg\",\"datePublished\":\"2023-07-20T11:29:38+00:00\",\"dateModified\":\"2024-10-17T11:29:49+00:00\",\"description\":\"Explorez l'histoire de notre entreprise de th\u00e9 et son succ\u00e8s. D\u00e9couvrez notre passion pour le th\u00e9 et notre engagement \u00e0 offrir l'excellence.\",\"breadcrumb\":{\"@id\":\"https:\\\/\\\/www.alveus.eu\\\/fr\\\/a-propos\\\/entreprise\\\/notre-histoire#breadcrumb\"},\"inLanguage\":\"fr-FR\",\"potentialAction\":[{\"@type\":\"ReadAction\",\"target\":[\"https:\\\/\\\/www.alveus.eu\\\/fr\\\/a-propos\\\/entreprise\\\/notre-histoire\"]}]},{\"@type\":\"ImageObject\",\"inLanguage\":\"fr-FR\",\"@id\":\"https:\\\/\\\/www.alveus.eu\\\/fr\\\/a-propos\\\/entreprise\\\/notre-histoire#primaryimage\",\"url\":\"https:\\\/\\\/www.alveus.eu\\\/wp-content\\\/uploads\\\/hero-history.jpg\",\"contentUrl\":\"https:\\\/\\\/www.alveus.eu\\\/wp-content\\\/uploads\\\/hero-history.jpg\",\"width\":1920,\"height\":480},{\"@type\":\"BreadcrumbList\",\"@id\":\"https:\\\/\\\/www.alveus.eu\\\/fr\\\/a-propos\\\/entreprise\\\/notre-histoire#breadcrumb\",\"itemListElement\":[{\"@type\":\"ListItem\",\"position\":1,\"name\":\"Home\",\"item\":\"https:\\\/\\\/www.alveus.eu\\\/fr\"},{\"@type\":\"ListItem\",\"position\":2,\"name\":\"\u00c0 propos\",\"item\":\"https:\\\/\\\/www.alveus.eu\\\/fr\\\/a-propos\"},{\"@type\":\"ListItem\",\"position\":3,\"name\":\"Entreprise\",\"item\":\"https:\\\/\\\/www.alveus.eu\\\/fr\\\/a-propos\\\/entreprise\"},{\"@type\":\"ListItem\",\"position\":4,\"name\":\"Notre histoire\"}]},{\"@type\":\"WebSite\",\"@id\":\"https:\\\/\\\/www.alveus.eu\\\/fr#website\",\"url\":\"https:\\\/\\\/www.alveus.eu\\\/fr\",\"name\":\"Alveus\",\"description\":\"\",\"publisher\":{\"@id\":\"https:\\\/\\\/www.alveus.eu\\\/fr#organization\"},\"potentialAction\":[{\"@type\":\"SearchAction\",\"target\":{\"@type\":\"EntryPoint\",\"urlTemplate\":\"https:\\\/\\\/www.alveus.eu\\\/fr?s={search_term_string}\"},\"query-input\":{\"@type\":\"PropertyValueSpecification\",\"valueRequired\":true,\"valueName\":\"search_term_string\"}}],\"inLanguage\":\"fr-FR\"},{\"@type\":\"Organization\",\"@id\":\"https:\\\/\\\/www.alveus.eu\\\/fr#organization\",\"name\":\"Alveus\",\"alternateName\":\"Alveus Premium Teas\",\"url\":\"https:\\\/\\\/www.alveus.eu\\\/fr\",\"logo\":{\"@type\":\"ImageObject\",\"inLanguage\":\"fr-FR\",\"@id\":\"https:\\\/\\\/www.alveus.eu\\\/fr#\\\/schema\\\/logo\\\/image\\\/\",\"url\":\"https:\\\/\\\/www.alveus.eu\\\/wp-content\\\/uploads\\\/2023\\\/07\\\/alveus-logo-primary.png\",\"contentUrl\":\"https:\\\/\\\/www.alveus.eu\\\/wp-content\\\/uploads\\\/2023\\\/07\\\/alveus-logo-primary.png\",\"width\":248,\"height\":248,\"caption\":\"Alveus\"},\"image\":{\"@id\":\"https:\\\/\\\/www.alveus.eu\\\/fr#\\\/schema\\\/logo\\\/image\\\/\"},\"sameAs\":[\"https:\\\/\\\/www.facebook.com\\\/alveusinternational\\\/\",\"https:\\\/\\\/www.instagram.com\\\/alveustea\\\/\",\"https:\\\/\\\/de.linkedin.com\\\/company\\\/alveustea\"]}]}<\/script>\n<!-- \/ Yoast SEO Premium plugin. -->","yoast_head_json":{"title":"D\u00e9couvrez notre histoire | Alveus","description":"Explorez l'histoire de notre entreprise de th\u00e9 et son succ\u00e8s. D\u00e9couvrez notre passion pour le th\u00e9 et notre engagement \u00e0 offrir l'excellence.","robots":{"index":"index","follow":"follow","max-snippet":"max-snippet:-1","max-image-preview":"max-image-preview:large","max-video-preview":"max-video-preview:-1"},"canonical":"https:\/\/www.alveus.eu\/fr\/a-propos\/entreprise\/notre-histoire","og_locale":"fr_FR","og_type":"article","og_title":"Notre histoire","og_description":"Explorez l'histoire de notre entreprise de th\u00e9 et son succ\u00e8s. D\u00e9couvrez notre passion pour le th\u00e9 et notre engagement \u00e0 offrir l'excellence.","og_url":"https:\/\/www.alveus.eu\/fr\/a-propos\/entreprise\/notre-histoire","og_site_name":"Alveus","article_publisher":"https:\/\/www.facebook.com\/alveusinternational\/","article_modified_time":"2024-10-17T11:29:49+00:00","og_image":[{"width":1920,"height":480,"url":"https:\/\/www.alveus.eu\/wp-content\/uploads\/hero-history.jpg","type":"image\/jpeg"}],"twitter_card":"summary_large_image","twitter_misc":{"Dur\u00e9e de lecture estim\u00e9e":"3 minutes"},"schema":{"@context":"https:\/\/schema.org","@graph":[{"@type":"WebPage","@id":"https:\/\/www.alveus.eu\/fr\/a-propos\/entreprise\/notre-histoire","url":"https:\/\/www.alveus.eu\/fr\/a-propos\/entreprise\/notre-histoire","name":"D\u00e9couvrez notre histoire | Alveus","isPartOf":{"@id":"https:\/\/www.alveus.eu\/fr#website"},"primaryImageOfPage":{"@id":"https:\/\/www.alveus.eu\/fr\/a-propos\/entreprise\/notre-histoire#primaryimage"},"image":{"@id":"https:\/\/www.alveus.eu\/fr\/a-propos\/entreprise\/notre-histoire#primaryimage"},"thumbnailUrl":"https:\/\/www.alveus.eu\/wp-content\/uploads\/hero-history.jpg","datePublished":"2023-07-20T11:29:38+00:00","dateModified":"2024-10-17T11:29:49+00:00","description":"Explorez l'histoire de notre entreprise de th\u00e9 et son succ\u00e8s. D\u00e9couvrez notre passion pour le th\u00e9 et notre engagement \u00e0 offrir l'excellence.","breadcrumb":{"@id":"https:\/\/www.alveus.eu\/fr\/a-propos\/entreprise\/notre-histoire#breadcrumb"},"inLanguage":"fr-FR","potentialAction":[{"@type":"ReadAction","target":["https:\/\/www.alveus.eu\/fr\/a-propos\/entreprise\/notre-histoire"]}]},{"@type":"ImageObject","inLanguage":"fr-FR","@id":"https:\/\/www.alveus.eu\/fr\/a-propos\/entreprise\/notre-histoire#primaryimage","url":"https:\/\/www.alveus.eu\/wp-content\/uploads\/hero-history.jpg","contentUrl":"https:\/\/www.alveus.eu\/wp-content\/uploads\/hero-history.jpg","width":1920,"height":480},{"@type":"BreadcrumbList","@id":"https:\/\/www.alveus.eu\/fr\/a-propos\/entreprise\/notre-histoire#breadcrumb","itemListElement":[{"@type":"ListItem","position":1,"name":"Home","item":"https:\/\/www.alveus.eu\/fr"},{"@type":"ListItem","position":2,"name":"\u00c0 propos","item":"https:\/\/www.alveus.eu\/fr\/a-propos"},{"@type":"ListItem","position":3,"name":"Entreprise","item":"https:\/\/www.alveus.eu\/fr\/a-propos\/entreprise"},{"@type":"ListItem","position":4,"name":"Notre histoire"}]},{"@type":"WebSite","@id":"https:\/\/www.alveus.eu\/fr#website","url":"https:\/\/www.alveus.eu\/fr","name":"Alveus","description":"","publisher":{"@id":"https:\/\/www.alveus.eu\/fr#organization"},"potentialAction":[{"@type":"SearchAction","target":{"@type":"EntryPoint","urlTemplate":"https:\/\/www.alveus.eu\/fr?s={search_term_string}"},"query-input":{"@type":"PropertyValueSpecification","valueRequired":true,"valueName":"search_term_string"}}],"inLanguage":"fr-FR"},{"@type":"Organization","@id":"https:\/\/www.alveus.eu\/fr#organization","name":"Alveus","alternateName":"Alveus Premium Teas","url":"https:\/\/www.alveus.eu\/fr","logo":{"@type":"ImageObject","inLanguage":"fr-FR","@id":"https:\/\/www.alveus.eu\/fr#\/schema\/logo\/image\/","url":"https:\/\/www.alveus.eu\/wp-content\/uploads\/2023\/07\/alveus-logo-primary.png","contentUrl":"https:\/\/www.alveus.eu\/wp-content\/uploads\/2023\/07\/alveus-logo-primary.png","width":248,"height":248,"caption":"Alveus"},"image":{"@id":"https:\/\/www.alveus.eu\/fr#\/schema\/logo\/image\/"},"sameAs":["https:\/\/www.facebook.com\/alveusinternational\/","https:\/\/www.instagram.com\/alveustea\/","https:\/\/de.linkedin.com\/company\/alveustea"]}]}},"_links":{"self":[{"href":"https:\/\/www.alveus.eu\/fr\/wp-json\/wp\/v2\/pages\/11233","targetHints":{"allow":["GET"]}}],"collection":[{"href":"https:\/\/www.alveus.eu\/fr\/wp-json\/wp\/v2\/pages"}],"about":[{"href":"https:\/\/www.alveus.eu\/fr\/wp-json\/wp\/v2\/types\/page"}],"author":[{"embeddable":true,"href":"https:\/\/www.alveus.eu\/fr\/wp-json\/wp\/v2\/users\/4"}],"replies":[{"embeddable":true,"href":"https:\/\/www.alveus.eu\/fr\/wp-json\/wp\/v2\/comments?post=11233"}],"version-history":[{"count":4,"href":"https:\/\/www.alveus.eu\/fr\/wp-json\/wp\/v2\/pages\/11233\/revisions"}],"predecessor-version":[{"id":46265,"href":"https:\/\/www.alveus.eu\/fr\/wp-json\/wp\/v2\/pages\/11233\/revisions\/46265"}],"up":[{"embeddable":true,"href":"https:\/\/www.alveus.eu\/fr\/wp-json\/wp\/v2\/pages\/29253"}],"wp:featuredmedia":[{"embeddable":true,"href":"https:\/\/www.alveus.eu\/fr\/wp-json\/wp\/v2\/media\/8778"}],"wp:attachment":[{"href":"https:\/\/www.alveus.eu\/fr\/wp-json\/wp\/v2\/media?parent=11233"}],"curies":[{"name":"wp","href":"https:\/\/api.w.org\/{rel}","templated":true}]}}