{"id":11178,"date":"2023-07-20T12:29:38","date_gmt":"2023-07-20T11:29:38","guid":{"rendered":"https:\/\/www.alveus.eu\/chi-siamo\/historia\/"},"modified":"2024-05-09T12:25:01","modified_gmt":"2024-05-09T11:25:01","slug":"storia-azienda","status":"publish","type":"page","link":"https:\/\/www.alveus.eu\/it\/chi-siamo\/azienda\/storia-azienda","title":{"rendered":"Storia dell&#8217;azienda"},"content":{"rendered":"\t\t<div data-elementor-type=\"wp-page\" data-elementor-id=\"11178\" class=\"elementor elementor-11178 elementor-6507\" data-elementor-post-type=\"page\">\n\t\t\t\t<div class=\"elementor-element elementor-element-22f7bab e-flex e-con-boxed e-con e-parent\" data-id=\"22f7bab\" data-element_type=\"container\" data-e-type=\"container\">\n\t\t\t\t\t<div class=\"e-con-inner\">\n\t\t\t\t<div class=\"elementor-element elementor-element-9d444e7 elementor-widget elementor-widget-heading\" data-id=\"9d444e7\" data-element_type=\"widget\" data-e-type=\"widget\" data-widget_type=\"heading.default\">\n\t\t\t\t<div class=\"elementor-widget-container\">\n\t\t\t\t\t<h1 class=\"elementor-heading-title elementor-size-default\">Passione e avanguardia nel mondo del t\u00e8\n<\/h1>\t\t\t\t<\/div>\n\t\t\t\t<\/div>\n\t\t<div class=\"elementor-element elementor-element-5673089 e-con-full e-flex e-con e-child\" data-id=\"5673089\" data-element_type=\"container\" data-e-type=\"container\">\n\t\t<div class=\"elementor-element elementor-element-121e06d e-con-full e-flex e-con e-child\" data-id=\"121e06d\" data-element_type=\"container\" data-e-type=\"container\" data-settings=\"{&quot;background_background&quot;:&quot;classic&quot;}\">\n\t\t\t\t<div class=\"elementor-element elementor-element-9ccc3a3 elementor-widget__width-initial elementor-widget elementor-widget-text-editor\" data-id=\"9ccc3a3\" data-element_type=\"widget\" data-e-type=\"widget\" data-widget_type=\"text-editor.default\">\n\t\t\t\t<div class=\"elementor-widget-container\">\n\t\t\t\t\t\t\t\t\t<p><strong>Immergeti nell&#8217;affascinante viaggio che ci ha reso ci\u00f2 che siamo oggi: un punto di riferimento nel mondo del t\u00e8.<\/strong><\/p><p><span style=\"font-weight: 400;\">Dalle nostre umili origini al posto di rilievo che occupiamo oggi nel settore, la nostra storia \u00e8 segnata da una passione incrollabile per il t\u00e8 e da uno spirito pionieristico che ci spinge a sfidare i confini della tradizione.<\/span><\/p><p><span style=\"font-weight: 400;\">Tutto \u00e8 iniziato con una visione chiara: modernizzare ed innalzare lo standard di eccellenza nella produzione e nella commercializzazione del t\u00e8. Con una dedizione senza pari e una costante ricerca della perfezione, abbiamo intrapreso la sfida di offrire non solo prodotti eccezionali, ma anche un&#8217;esperienza unica ai nostri clienti.<\/span><\/p>\t\t\t\t\t\t\t\t<\/div>\n\t\t\t\t<\/div>\n\t\t\t\t<\/div>\n\t\t<div class=\"elementor-element elementor-element-ec2b364 e-con-full e-flex e-con e-child\" data-id=\"ec2b364\" data-element_type=\"container\" data-e-type=\"container\">\n\t\t\t\t<div class=\"elementor-element elementor-element-9506905 img-h-100 elementor-widget elementor-widget-image\" data-id=\"9506905\" data-element_type=\"widget\" data-e-type=\"widget\" data-widget_type=\"image.default\">\n\t\t\t\t<div class=\"elementor-widget-container\">\n\t\t\t\t\t\t\t\t\t\t\t\t\t\t\t<img fetchpriority=\"high\" decoding=\"async\" width=\"553\" height=\"480\" src=\"https:\/\/www.alveus.eu\/wp-content\/uploads\/tea-world.jpg\" class=\"attachment-full size-full wp-image-8786\" alt=\"\" srcset=\"https:\/\/www.alveus.eu\/wp-content\/uploads\/tea-world.jpg 553w, https:\/\/www.alveus.eu\/wp-content\/uploads\/tea-world-300x260.jpg 300w\" sizes=\"(max-width: 553px) 100vw, 553px\" \/>\t\t\t\t\t\t\t\t\t\t\t\t\t\t\t<\/div>\n\t\t\t\t<\/div>\n\t\t\t\t<\/div>\n\t\t\t\t<\/div>\n\t\t<div class=\"elementor-element elementor-element-504ac56 e-con-full e-flex e-con e-child\" data-id=\"504ac56\" data-element_type=\"container\" data-e-type=\"container\">\n\t\t<div class=\"elementor-element elementor-element-bec2591 e-con-full e-flex e-con e-child\" data-id=\"bec2591\" data-element_type=\"container\" data-e-type=\"container\">\n\t\t\t\t<div class=\"elementor-element elementor-element-055217d img-h-100 elementor-widget elementor-widget-image\" data-id=\"055217d\" data-element_type=\"widget\" data-e-type=\"widget\" data-widget_type=\"image.default\">\n\t\t\t\t<div class=\"elementor-widget-container\">\n\t\t\t\t\t\t\t\t\t\t\t\t\t\t\t<img decoding=\"async\" width=\"650\" height=\"618\" src=\"https:\/\/www.alveus.eu\/wp-content\/uploads\/earlyyears-1.jpg\" class=\"attachment-full size-full wp-image-8774\" alt=\"\" srcset=\"https:\/\/www.alveus.eu\/wp-content\/uploads\/earlyyears-1.jpg 650w, https:\/\/www.alveus.eu\/wp-content\/uploads\/earlyyears-1-300x285.jpg 300w\" sizes=\"(max-width: 650px) 100vw, 650px\" \/>\t\t\t\t\t\t\t\t\t\t\t\t\t\t\t<\/div>\n\t\t\t\t<\/div>\n\t\t\t\t<\/div>\n\t\t<div class=\"elementor-element elementor-element-4c0181e e-con-full e-flex e-con e-child\" data-id=\"4c0181e\" data-element_type=\"container\" data-e-type=\"container\" data-settings=\"{&quot;background_background&quot;:&quot;classic&quot;}\">\n\t\t\t\t<div class=\"elementor-element elementor-element-4eda0c0 elementor-widget__width-initial elementor-widget elementor-widget-text-editor\" data-id=\"4eda0c0\" data-element_type=\"widget\" data-e-type=\"widget\" data-widget_type=\"text-editor.default\">\n\t\t\t\t<div class=\"elementor-widget-container\">\n\t\t\t\t\t\t\t\t\t<p>Nel corso degli anni abbiamo affrontato sfide e celebrato trionfi, ma il nostro impegno per la qualit\u00e0 e l&#8217;innovazione non ha mai vacillato. Oggi, guardando indietro a quanto abbiamo fatto, siamo grati per il sostegno dei nostri clienti, dei membri del nostro team e dei nostri partner. Il loro entusiasmo e il loro incoraggiamento hanno contribuito a trasformare Alveus nel marchio che \u00e8 oggi: <strong>sinonimo di innovazione, qualit\u00e0 e compromesso con l&#8217;eccellenza.<\/strong><\/p><p>In sostanza, siamo pi\u00f9 di un&#8217;azienda produttrice di t\u00e8; <strong>siamo pionieri e stiamo rimodellando il panorama di un&#8217;industria antica.<\/strong><\/p><p>Ti invitiamo a unirti a noi in questo viaggio emozionante, mentre esploriamo nuovi sapori, spingiamo i confini della creativit\u00e0 e ci sforziamo di rendere ogni t\u00e8 un&#8217;esperienza indimenticabile per i tuoi clienti.<\/p><p><strong>Grazie per essere parte della nostra storia.<\/strong><\/p>\t\t\t\t\t\t\t\t<\/div>\n\t\t\t\t<\/div>\n\t\t\t\t<\/div>\n\t\t\t\t<\/div>\n\t\t<div class=\"elementor-element elementor-element-40a38f8 e-con-full e-flex e-con e-child\" data-id=\"40a38f8\" data-element_type=\"container\" data-e-type=\"container\">\n\t\t<div class=\"elementor-element elementor-element-f5c681b e-con-full e-flex e-con e-child\" data-id=\"f5c681b\" data-element_type=\"container\" data-e-type=\"container\" data-settings=\"{&quot;background_background&quot;:&quot;classic&quot;}\">\n\t\t\t\t<div class=\"elementor-element elementor-element-edee8ab elementor-widget__width-initial elementor-widget elementor-widget-text-editor\" data-id=\"edee8ab\" data-element_type=\"widget\" data-e-type=\"widget\" data-widget_type=\"text-editor.default\">\n\t\t\t\t<div class=\"elementor-widget-container\">\n\t\t\t\t\t\t\t\t\t<p><strong>Miscele realizzate con amore, i migliori blend del mondo nelle tue mani&#8230;<\/strong><\/p><p>Per noi, il t\u00e8 non \u00e8 solo una bevanda, \u00e8 passione, cultura e un momento unico e irripetibile di relax e riflessione. \u00c8 parte di un atteggiamento verso la vita stessa, basato sulla cultura ed \u00e8 rispetto per la natura. \u00c8 biologico e naturale, come la vita stessa.<\/p><p>Conosciamo il t\u00e8 e le tisane perch\u00e9 abbiamo molti anni di esperienza. Siamo ispirati dalla creazione di nuove ricette, perch\u00e9 vogliamo mantenere il pi\u00f9 grande catalogo del mondo sotto costante revisione&#8230; Il nostro entusiasmo cresce giorno per giorno, come le tue idee e la nostra passione per il t\u00e8.<\/p>\t\t\t\t\t\t\t\t<\/div>\n\t\t\t\t<\/div>\n\t\t\t\t<\/div>\n\t\t<div class=\"elementor-element elementor-element-174ec01 e-con-full e-flex e-con e-child\" data-id=\"174ec01\" data-element_type=\"container\" data-e-type=\"container\">\n\t\t\t\t<div class=\"elementor-element elementor-element-d9e2c84 img-h-100 elementor-widget elementor-widget-image\" data-id=\"d9e2c84\" data-element_type=\"widget\" data-e-type=\"widget\" data-widget_type=\"image.default\">\n\t\t\t\t<div class=\"elementor-widget-container\">\n\t\t\t\t\t\t\t\t\t\t\t\t\t\t\t<img decoding=\"async\" width=\"565\" height=\"546\" src=\"https:\/\/www.alveus.eu\/wp-content\/uploads\/commercial-partner.jpg\" class=\"attachment-full size-full wp-image-8768\" alt=\"\" srcset=\"https:\/\/www.alveus.eu\/wp-content\/uploads\/commercial-partner.jpg 565w, https:\/\/www.alveus.eu\/wp-content\/uploads\/commercial-partner-300x290.jpg 300w\" sizes=\"(max-width: 565px) 100vw, 565px\" \/>\t\t\t\t\t\t\t\t\t\t\t\t\t\t\t<\/div>\n\t\t\t\t<\/div>\n\t\t\t\t<\/div>\n\t\t\t\t<\/div>\n\t\t\t\t\t<\/div>\n\t\t\t\t<\/div>\n\t\t<div class=\"elementor-element elementor-element-27979f3 e-flex e-con-boxed e-con e-parent\" data-id=\"27979f3\" data-element_type=\"container\" data-e-type=\"container\" data-settings=\"{&quot;background_background&quot;:&quot;classic&quot;}\">\n\t\t\t\t\t<div class=\"e-con-inner\">\n\t\t\t\t<div class=\"elementor-element elementor-element-03241e5 elementor-widget elementor-widget-heading\" data-id=\"03241e5\" data-element_type=\"widget\" data-e-type=\"widget\" data-widget_type=\"heading.default\">\n\t\t\t\t<div class=\"elementor-widget-container\">\n\t\t\t\t\t<h2 class=\"elementor-heading-title elementor-size-default\"><strong>Se vuoi sapere tutto quello che Alveus pu\u00f2 fare per te...<\/strong><\/h2>\t\t\t\t<\/div>\n\t\t\t\t<\/div>\n\t\t\t\t<div class=\"elementor-element elementor-element-46f8aa3 elementor-align-center elementor-widget elementor-widget-button\" data-id=\"46f8aa3\" data-element_type=\"widget\" data-e-type=\"widget\" data-widget_type=\"button.default\">\n\t\t\t\t<div class=\"elementor-widget-container\">\n\t\t\t\t\t\t\t\t\t<div class=\"elementor-button-wrapper\">\n\t\t\t\t\t<a class=\"elementor-button elementor-button-link elementor-size-md\" href=\"#request-catalogue\">\n\t\t\t\t\t\t<span class=\"elementor-button-content-wrapper\">\n\t\t\t\t\t\t\t\t\t<span class=\"elementor-button-text\">RICHIEDI IL CATALOGO<\/span>\n\t\t\t\t\t<\/span>\n\t\t\t\t\t<\/a>\n\t\t\t\t<\/div>\n\t\t\t\t\t\t\t\t<\/div>\n\t\t\t\t<\/div>\n\t\t\t\t\t<\/div>\n\t\t\t\t<\/div>\n\t\t\t\t<\/div>\n\t\t","protected":false},"excerpt":{"rendered":"<p>Passione e avanguardia nel mondo del t\u00e8 Immergeti nell&#8217;affascinante viaggio che ci ha reso ci\u00f2 che siamo oggi: un punto di riferimento nel mondo del t\u00e8. Dalle nostre umili origini al posto di rilievo che occupiamo oggi nel settore, la nostra storia \u00e8 segnata da una passione incrollabile per il t\u00e8 e da uno spirito [&hellip;]<\/p>\n","protected":false},"author":4,"featured_media":8780,"parent":29342,"menu_order":0,"comment_status":"closed","ping_status":"closed","template":"","meta":{"_acf_changed":false,"footnotes":""},"class_list":["post-11178","page","type-page","status-publish","has-post-thumbnail","hentry"],"acf":[],"yoast_head":"<!-- This site is optimized with the Yoast SEO Premium plugin v27.5 (Yoast SEO v27.5) - https:\/\/yoast.com\/product\/yoast-seo-premium-wordpress\/ -->\n<title>La Nostra Storia | Alveus<\/title>\n<meta name=\"description\" content=\"Da un piccolo garage a una grande azienda di Amburgo, uno sviluppo commerciale nel mondo del t\u00e8 e degli infusi. Scopri di pi\u00f9 su Alveus.\" \/>\n<meta name=\"robots\" content=\"index, follow, max-snippet:-1, max-image-preview:large, max-video-preview:-1\" \/>\n<link rel=\"canonical\" href=\"https:\/\/www.alveus.eu\/it\/chi-siamo\/azienda\/storia-azienda\" \/>\n<meta property=\"og:locale\" content=\"it_IT\" \/>\n<meta property=\"og:type\" content=\"article\" \/>\n<meta property=\"og:title\" content=\"Storia dell&#039;azienda\" \/>\n<meta property=\"og:description\" content=\"Da un piccolo garage a una grande azienda di Amburgo, uno sviluppo commerciale nel mondo del t\u00e8 e degli infusi. Scopri di pi\u00f9 su Alveus.\" \/>\n<meta property=\"og:url\" content=\"https:\/\/www.alveus.eu\/it\/chi-siamo\/azienda\/storia-azienda\" \/>\n<meta property=\"og:site_name\" content=\"Alveus\" \/>\n<meta property=\"article:publisher\" content=\"https:\/\/www.facebook.com\/alveusinternational\/\" \/>\n<meta property=\"article:modified_time\" content=\"2024-05-09T11:25:01+00:00\" \/>\n<meta property=\"og:image\" content=\"https:\/\/www.alveus.eu\/wp-content\/uploads\/hero-history.jpg\" \/>\n\t<meta property=\"og:image:width\" content=\"1920\" \/>\n\t<meta property=\"og:image:height\" content=\"480\" \/>\n\t<meta property=\"og:image:type\" content=\"image\/jpeg\" \/>\n<meta name=\"twitter:card\" content=\"summary_large_image\" \/>\n<meta name=\"twitter:label1\" content=\"Tempo di lettura stimato\" \/>\n\t<meta name=\"twitter:data1\" content=\"3 minuti\" \/>\n<script type=\"application\/ld+json\" class=\"yoast-schema-graph\">{\"@context\":\"https:\\\/\\\/schema.org\",\"@graph\":[{\"@type\":\"WebPage\",\"@id\":\"https:\\\/\\\/www.alveus.eu\\\/it\\\/chi-siamo\\\/azienda\\\/storia-azienda\",\"url\":\"https:\\\/\\\/www.alveus.eu\\\/it\\\/chi-siamo\\\/azienda\\\/storia-azienda\",\"name\":\"La Nostra Storia | Alveus\",\"isPartOf\":{\"@id\":\"https:\\\/\\\/www.alveus.eu\\\/it#website\"},\"primaryImageOfPage\":{\"@id\":\"https:\\\/\\\/www.alveus.eu\\\/it\\\/chi-siamo\\\/azienda\\\/storia-azienda#primaryimage\"},\"image\":{\"@id\":\"https:\\\/\\\/www.alveus.eu\\\/it\\\/chi-siamo\\\/azienda\\\/storia-azienda#primaryimage\"},\"thumbnailUrl\":\"https:\\\/\\\/www.alveus.eu\\\/wp-content\\\/uploads\\\/hero-history.jpg\",\"datePublished\":\"2023-07-20T11:29:38+00:00\",\"dateModified\":\"2024-05-09T11:25:01+00:00\",\"description\":\"Da un piccolo garage a una grande azienda di Amburgo, uno sviluppo commerciale nel mondo del t\u00e8 e degli infusi. Scopri di pi\u00f9 su Alveus.\",\"breadcrumb\":{\"@id\":\"https:\\\/\\\/www.alveus.eu\\\/it\\\/chi-siamo\\\/azienda\\\/storia-azienda#breadcrumb\"},\"inLanguage\":\"it-IT\",\"potentialAction\":[{\"@type\":\"ReadAction\",\"target\":[\"https:\\\/\\\/www.alveus.eu\\\/it\\\/chi-siamo\\\/azienda\\\/storia-azienda\"]}]},{\"@type\":\"ImageObject\",\"inLanguage\":\"it-IT\",\"@id\":\"https:\\\/\\\/www.alveus.eu\\\/it\\\/chi-siamo\\\/azienda\\\/storia-azienda#primaryimage\",\"url\":\"https:\\\/\\\/www.alveus.eu\\\/wp-content\\\/uploads\\\/hero-history.jpg\",\"contentUrl\":\"https:\\\/\\\/www.alveus.eu\\\/wp-content\\\/uploads\\\/hero-history.jpg\",\"width\":1920,\"height\":480},{\"@type\":\"BreadcrumbList\",\"@id\":\"https:\\\/\\\/www.alveus.eu\\\/it\\\/chi-siamo\\\/azienda\\\/storia-azienda#breadcrumb\",\"itemListElement\":[{\"@type\":\"ListItem\",\"position\":1,\"name\":\"Home\",\"item\":\"https:\\\/\\\/www.alveus.eu\\\/it\"},{\"@type\":\"ListItem\",\"position\":2,\"name\":\"Chi Siamo\",\"item\":\"https:\\\/\\\/www.alveus.eu\\\/it\\\/chi-siamo\"},{\"@type\":\"ListItem\",\"position\":3,\"name\":\"Storia dell&#8217;azienda\"}]},{\"@type\":\"WebSite\",\"@id\":\"https:\\\/\\\/www.alveus.eu\\\/it#website\",\"url\":\"https:\\\/\\\/www.alveus.eu\\\/it\",\"name\":\"Alveus\",\"description\":\"\",\"publisher\":{\"@id\":\"https:\\\/\\\/www.alveus.eu\\\/it#organization\"},\"potentialAction\":[{\"@type\":\"SearchAction\",\"target\":{\"@type\":\"EntryPoint\",\"urlTemplate\":\"https:\\\/\\\/www.alveus.eu\\\/it?s={search_term_string}\"},\"query-input\":{\"@type\":\"PropertyValueSpecification\",\"valueRequired\":true,\"valueName\":\"search_term_string\"}}],\"inLanguage\":\"it-IT\"},{\"@type\":\"Organization\",\"@id\":\"https:\\\/\\\/www.alveus.eu\\\/it#organization\",\"name\":\"Alveus\",\"alternateName\":\"Alveus Premium Teas\",\"url\":\"https:\\\/\\\/www.alveus.eu\\\/it\",\"logo\":{\"@type\":\"ImageObject\",\"inLanguage\":\"it-IT\",\"@id\":\"https:\\\/\\\/www.alveus.eu\\\/it#\\\/schema\\\/logo\\\/image\\\/\",\"url\":\"https:\\\/\\\/www.alveus.eu\\\/wp-content\\\/uploads\\\/2023\\\/07\\\/alveus-logo-primary.png\",\"contentUrl\":\"https:\\\/\\\/www.alveus.eu\\\/wp-content\\\/uploads\\\/2023\\\/07\\\/alveus-logo-primary.png\",\"width\":248,\"height\":248,\"caption\":\"Alveus\"},\"image\":{\"@id\":\"https:\\\/\\\/www.alveus.eu\\\/it#\\\/schema\\\/logo\\\/image\\\/\"},\"sameAs\":[\"https:\\\/\\\/www.facebook.com\\\/alveusinternational\\\/\",\"https:\\\/\\\/www.instagram.com\\\/alveustea\\\/\",\"https:\\\/\\\/de.linkedin.com\\\/company\\\/alveustea\"]}]}<\/script>\n<!-- \/ Yoast SEO Premium plugin. -->","yoast_head_json":{"title":"La Nostra Storia | Alveus","description":"Da un piccolo garage a una grande azienda di Amburgo, uno sviluppo commerciale nel mondo del t\u00e8 e degli infusi. Scopri di pi\u00f9 su Alveus.","robots":{"index":"index","follow":"follow","max-snippet":"max-snippet:-1","max-image-preview":"max-image-preview:large","max-video-preview":"max-video-preview:-1"},"canonical":"https:\/\/www.alveus.eu\/it\/chi-siamo\/azienda\/storia-azienda","og_locale":"it_IT","og_type":"article","og_title":"Storia dell'azienda","og_description":"Da un piccolo garage a una grande azienda di Amburgo, uno sviluppo commerciale nel mondo del t\u00e8 e degli infusi. Scopri di pi\u00f9 su Alveus.","og_url":"https:\/\/www.alveus.eu\/it\/chi-siamo\/azienda\/storia-azienda","og_site_name":"Alveus","article_publisher":"https:\/\/www.facebook.com\/alveusinternational\/","article_modified_time":"2024-05-09T11:25:01+00:00","og_image":[{"width":1920,"height":480,"url":"https:\/\/www.alveus.eu\/wp-content\/uploads\/hero-history.jpg","type":"image\/jpeg"}],"twitter_card":"summary_large_image","twitter_misc":{"Tempo di lettura stimato":"3 minuti"},"schema":{"@context":"https:\/\/schema.org","@graph":[{"@type":"WebPage","@id":"https:\/\/www.alveus.eu\/it\/chi-siamo\/azienda\/storia-azienda","url":"https:\/\/www.alveus.eu\/it\/chi-siamo\/azienda\/storia-azienda","name":"La Nostra Storia | Alveus","isPartOf":{"@id":"https:\/\/www.alveus.eu\/it#website"},"primaryImageOfPage":{"@id":"https:\/\/www.alveus.eu\/it\/chi-siamo\/azienda\/storia-azienda#primaryimage"},"image":{"@id":"https:\/\/www.alveus.eu\/it\/chi-siamo\/azienda\/storia-azienda#primaryimage"},"thumbnailUrl":"https:\/\/www.alveus.eu\/wp-content\/uploads\/hero-history.jpg","datePublished":"2023-07-20T11:29:38+00:00","dateModified":"2024-05-09T11:25:01+00:00","description":"Da un piccolo garage a una grande azienda di Amburgo, uno sviluppo commerciale nel mondo del t\u00e8 e degli infusi. Scopri di pi\u00f9 su Alveus.","breadcrumb":{"@id":"https:\/\/www.alveus.eu\/it\/chi-siamo\/azienda\/storia-azienda#breadcrumb"},"inLanguage":"it-IT","potentialAction":[{"@type":"ReadAction","target":["https:\/\/www.alveus.eu\/it\/chi-siamo\/azienda\/storia-azienda"]}]},{"@type":"ImageObject","inLanguage":"it-IT","@id":"https:\/\/www.alveus.eu\/it\/chi-siamo\/azienda\/storia-azienda#primaryimage","url":"https:\/\/www.alveus.eu\/wp-content\/uploads\/hero-history.jpg","contentUrl":"https:\/\/www.alveus.eu\/wp-content\/uploads\/hero-history.jpg","width":1920,"height":480},{"@type":"BreadcrumbList","@id":"https:\/\/www.alveus.eu\/it\/chi-siamo\/azienda\/storia-azienda#breadcrumb","itemListElement":[{"@type":"ListItem","position":1,"name":"Home","item":"https:\/\/www.alveus.eu\/it"},{"@type":"ListItem","position":2,"name":"Chi Siamo","item":"https:\/\/www.alveus.eu\/it\/chi-siamo"},{"@type":"ListItem","position":3,"name":"Storia dell&#8217;azienda"}]},{"@type":"WebSite","@id":"https:\/\/www.alveus.eu\/it#website","url":"https:\/\/www.alveus.eu\/it","name":"Alveus","description":"","publisher":{"@id":"https:\/\/www.alveus.eu\/it#organization"},"potentialAction":[{"@type":"SearchAction","target":{"@type":"EntryPoint","urlTemplate":"https:\/\/www.alveus.eu\/it?s={search_term_string}"},"query-input":{"@type":"PropertyValueSpecification","valueRequired":true,"valueName":"search_term_string"}}],"inLanguage":"it-IT"},{"@type":"Organization","@id":"https:\/\/www.alveus.eu\/it#organization","name":"Alveus","alternateName":"Alveus Premium Teas","url":"https:\/\/www.alveus.eu\/it","logo":{"@type":"ImageObject","inLanguage":"it-IT","@id":"https:\/\/www.alveus.eu\/it#\/schema\/logo\/image\/","url":"https:\/\/www.alveus.eu\/wp-content\/uploads\/2023\/07\/alveus-logo-primary.png","contentUrl":"https:\/\/www.alveus.eu\/wp-content\/uploads\/2023\/07\/alveus-logo-primary.png","width":248,"height":248,"caption":"Alveus"},"image":{"@id":"https:\/\/www.alveus.eu\/it#\/schema\/logo\/image\/"},"sameAs":["https:\/\/www.facebook.com\/alveusinternational\/","https:\/\/www.instagram.com\/alveustea\/","https:\/\/de.linkedin.com\/company\/alveustea"]}]}},"_links":{"self":[{"href":"https:\/\/www.alveus.eu\/it\/wp-json\/wp\/v2\/pages\/11178","targetHints":{"allow":["GET"]}}],"collection":[{"href":"https:\/\/www.alveus.eu\/it\/wp-json\/wp\/v2\/pages"}],"about":[{"href":"https:\/\/www.alveus.eu\/it\/wp-json\/wp\/v2\/types\/page"}],"author":[{"embeddable":true,"href":"https:\/\/www.alveus.eu\/it\/wp-json\/wp\/v2\/users\/4"}],"replies":[{"embeddable":true,"href":"https:\/\/www.alveus.eu\/it\/wp-json\/wp\/v2\/comments?post=11178"}],"version-history":[{"count":4,"href":"https:\/\/www.alveus.eu\/it\/wp-json\/wp\/v2\/pages\/11178\/revisions"}],"predecessor-version":[{"id":37833,"href":"https:\/\/www.alveus.eu\/it\/wp-json\/wp\/v2\/pages\/11178\/revisions\/37833"}],"up":[{"embeddable":true,"href":"https:\/\/www.alveus.eu\/it\/wp-json\/wp\/v2\/pages\/29342"}],"wp:featuredmedia":[{"embeddable":true,"href":"https:\/\/www.alveus.eu\/it\/wp-json\/wp\/v2\/media\/8780"}],"wp:attachment":[{"href":"https:\/\/www.alveus.eu\/it\/wp-json\/wp\/v2\/media?parent=11178"}],"curies":[{"name":"wp","href":"https:\/\/api.w.org\/{rel}","templated":true}]}}